{"id":18581,"date":"2020-07-26T00:24:17","date_gmt":"2020-07-25T21:24:17","guid":{"rendered":"https:\/\/aosmithwt.demokurulum.xyz\/?page_id=18581"},"modified":"2020-08-21T09:17:40","modified_gmt":"2020-08-21T06:17:40","slug":"technical-service","status":"publish","type":"page","link":"https:\/\/aosmithwtprojects.com\/en\/technical-service\/","title":{"rendered":"Technical service"},"content":{"rendered":"\n\t<h2><strong>Working hours<\/strong><\/h2>\n<p>Teknik servis depatman\u0131m\u0131za hafta i\u00e7i saat 8:00-17:30 saatleri aras\u0131nda a\u015fa\u011f\u0131daki ileti\u015fim bilgilerimizden ula\u015fabilir, destek ve randevu talebinde bulunabilirsiniz.<\/p>\n<h2><strong>Contact information<\/strong><\/h2>\nT: 0212 444 1646<br \/>\nF: 0212 494 4795<br \/>\nE:\u00a0<a title=\"Email\" href=\"mailto:info@aosmith.com.tr\" target=\"_blank\" rel=\"noopener\">info@aosmith.com.tr<\/a>\n    Notice: JavaScript is required for this content.\n        <!-- TODO: Move to Template File. -->\n        ","protected":false},"excerpt":{"rendered":"<p>Working hours Teknik servis depatman\u0131m\u0131za hafta i\u00e7i saat 8:00-17:30 saatleri aras\u0131nda a\u015fa\u011f\u0131daki ileti\u015fim bilgilerimizden ula\u015fabilir, destek ve randevu talebinde bulunabilirsiniz. Contact information T: 0212 444 1646 F: 0212 494 4795 E:\u00a0info@aosmith.com.tr Notice: JavaScript is required for this content.<\/p>\n","protected":false},"author":1,"featured_media":0,"parent":0,"menu_order":0,"comment_status":"closed","ping_status":"closed","template":"","meta":{"_price":"","_stock":"","_tribe_ticket_header":"","_tribe_default_ticket_provider":"","_tribe_ticket_capacity":"0","_ticket_start_date":"","_ticket_end_date":"","_tribe_ticket_show_description":"","_tribe_ticket_show_not_going":false,"_tribe_ticket_use_global_stock":"","_tribe_ticket_global_stock_level":"","_global_stock_mode":"","_global_stock_cap":"","_tribe_rsvp_for_event":"","_tribe_ticket_going_count":"","_tribe_ticket_not_going_count":"","_tribe_tickets_list":[],"_tribe_ticket_has_attendee_info_fields":false},"jetpack_sharing_enabled":true,"_links":{"self":[{"href":"https:\/\/aosmithwtprojects.com\/en\/wp-json\/wp\/v2\/pages\/18581"}],"collection":[{"href":"https:\/\/aosmithwtprojects.com\/en\/wp-json\/wp\/v2\/pages"}],"about":[{"href":"https:\/\/aosmithwtprojects.com\/en\/wp-json\/wp\/v2\/types\/page"}],"author":[{"embeddable":true,"href":"https:\/\/aosmithwtprojects.com\/en\/wp-json\/wp\/v2\/users\/1"}],"replies":[{"embeddable":true,"href":"https:\/\/aosmithwtprojects.com\/en\/wp-json\/wp\/v2\/comments?post=18581"}],"version-history":[{"count":0,"href":"https:\/\/aosmithwtprojects.com\/en\/wp-json\/wp\/v2\/pages\/18581\/revisions"}],"wp:attachment":[{"href":"https:\/\/aosmithwtprojects.com\/en\/wp-json\/wp\/v2\/media?parent=18581"}],"curies":[{"name":"wp","href":"https:\/\/api.w.org\/{rel}","templated":true}]}}