{"id":18640,"date":"2020-07-26T03:18:58","date_gmt":"2020-07-26T00:18:58","guid":{"rendered":"https:\/\/aosmithwt.demokurulum.xyz\/?page_id=18640"},"modified":"2020-07-26T03:18:58","modified_gmt":"2020-07-26T00:18:58","slug":"aproach","status":"publish","type":"page","link":"https:\/\/aosmithwtprojects.com\/en\/aproach\/","title":{"rendered":"Our Aproach"},"content":{"rendered":"<h2>\n\tAnalysis <br><b>&amp; Scope<\/b><\/br>\n\t<\/h2>\n\t<p>The analysis phase is all about setting up the project for success. Next, you define a scope. Understand the design challenge.<\/p>\n\t<a href=\"\/products-solutions\/electronic-materials\/\" target=\"_self\" role=\"button\">\n\t\t\t\t\tLearn more\n\t<\/a>\n<h2>\n\tProject<br><b>design<\/b><\/br>\n\t<\/h2>\n\t<p>The design phase involves benchmarking, prototyping, and testing. During this phase, you want to test your ideas before you build them.<\/p>\n\t<a href=\"\/industries-served\/automotive-manifacturing\/\" target=\"_self\" role=\"button\">\n\t\t\t\t\tLearn more\n\t<\/a>\n<h2>\n\tSpecification <br><b>Phase<\/b><\/br>\n\t<\/h2>\n\t<p>The specification phase is an important step that helps you focus on creating learning experiences for your specific learner.<\/p>\n\t<a href=\"\/products-solutions\/energy\/\" target=\"_self\" role=\"button\">\n\t\t\t\t\tLearn more\n\t<\/a>\n<h2>\n\tProduction<br><b>phase<\/b><\/br>\n\t<\/h2>\n\t<p>The production phase is the point at which your planning and design come together. In this phase, you will need to map out content, create screens and templates, and involve graphic designers.<\/p>\n\t<a href=\"\/industries-served\/industrial-construction\/\" target=\"_self\" role=\"button\">\n\t\t\t\t\tLearn more\n\t<\/a>\n<h2>\n\tEvaluation<br><b>Testing Segment<\/b><\/br>\n\t<\/h2>\n\t<p>The evaluation phase involves testing the project against the original specification. Use quality assurance (QA) testing, acceptance testing, and analysis to see how the product is performing in a range of the technical environments.<\/p>\n\t<a href=\"\/industries-served\/mechanical-engineering\/\" target=\"_self\" role=\"button\">\n\t\t\t\t\tLearn more\n\t<\/a>\n\t\t\tMULTI DEVICE TESTING\n\t\t<p>Use Browser Stack to test in different environments, but if the project needs to run on a touch screen device, you should test it on the actual device.<\/p>\n\t\t\tMULTI BROWSER TESTING\n\t\t<p>Browser Stack can help you to quickly test your course on different operating systems and browsers.<\/p>\n\t\t\tSTRESS TESTING\n\t\tTry to break your eLearning. This lets you see how your course performs beyond the specified number of concurrent users.\n\t\t\tLOCALIZATION\n\t\t<p>Test different languages to ensure they have been translated correctly.<\/p>\n\t\t\t\t100%\n<h3>\n\tSuccess\n\t<\/h3>\n\t<p>Overview of finished research projects on Industrial Ecology Designs and Projects<\/p>\n\t\t\t\t15\n<h3>\n\tAwards\n\t<\/h3>\n\t<p>Browse the list of industry and occupation awards below to access the one that applies to you. <\/p>\n<section>\n\t\t\t\t<a href=\"https:\/\/aosmithwtprojects.com\/en\/portfolio\/lojin-water\/\" target=\"_self\">\n\t\t\t\t\t\t\t\tLojin Water Company &#8211; Irak\t\t\t\t\t\t\t\n\t\t\t\t\t\t\t\t\t\t\t\t\t\t\t\t\t\t\tIrak Necef b\u00f6lgesinde hizmet veren i\u00e7me suyu \u015fi\u015feleme sekt\u00f6r\u00fcn\u00fcn lider firmalar\u0131ndan Lojin Water, Krones taraf\u0131ndan kurulan 0,50, 1, 5 litrelik yeni pet \u015fi\u015fe \u00fcretim hatt\u0131nda temiz i\u00e7me suyu \u00fcretimi i\u00e7in A. O. Smith\u2019i tercih etti.\n\t\t\t\t<\/a>\n\t\t\t\t<a href=\"https:\/\/aosmithwtprojects.com\/en\/portfolio\/lojin-water\/\">Read more &rarr;<\/a>\n\t\t\t\t\t\t\t\t\t<a href=\"https:\/\/aosmithwtprojects.com\/en\/portfolio\/lojin-water\/\" target=\"_self\">\n\t\t\t\t\t\t\t<img loading=\"lazy\" width=\"315\" height=\"242\" src=\"https:\/\/aosmithwtprojects.com\/wp-content\/uploads\/2014\/01\/kapak-min-315x242.jpg\" alt=\"\" srcset=\"data:image\/svg+xml;utf8,&lt;svg%20xmlns=&quot;http:\/\/www.w3.org\/2000\/svg&quot;%20viewBox=&quot;0%200%20315%20242&quot;%20height=&quot;242px&quot;%20width=&quot;315px&quot;\/&gt;\" data-srcset=\"https:\/\/aosmithwtprojects.com\/wp-content\/uploads\/2014\/01\/kapak-min-315x242.jpg 315w, https:\/\/aosmithwtprojects.com\/wp-content\/uploads\/2014\/01\/kapak-min-1260x969.jpg 1260w, https:\/\/aosmithwtprojects.com\/wp-content\/uploads\/2014\/01\/kapak-min-630x484.jpg 630w, https:\/\/aosmithwtprojects.com\/wp-content\/uploads\/2014\/01\/kapak-min-420x323.jpg 420w, https:\/\/aosmithwtprojects.com\/wp-content\/uploads\/2014\/01\/kapak-min-840x646.jpg 840w\" sizes=\"(min-width: 900px) 50vw, 100vw\" data-attachment-id=\"17469\" data-permalink=\"https:\/\/aosmithwtprojects.com\/en\/kapak-min\/\" data-orig-file=\"https:\/\/aosmithwtprojects.com\/wp-content\/uploads\/2014\/01\/kapak-min.jpg\" data-orig-size=\"5120,3840\" data-comments-opened=\"0\" data-image-meta=\"{&quot;aperture&quot;:&quot;0&quot;,&quot;credit&quot;:&quot;&quot;,&quot;camera&quot;:&quot;&quot;,&quot;caption&quot;:&quot;&quot;,&quot;created_timestamp&quot;:&quot;0&quot;,&quot;copyright&quot;:&quot;&quot;,&quot;focal_length&quot;:&quot;0&quot;,&quot;iso&quot;:&quot;0&quot;,&quot;shutter_speed&quot;:&quot;0&quot;,&quot;title&quot;:&quot;&quot;,&quot;orientation&quot;:&quot;0&quot;}\" data-image-title=\"kapak-min\" data-image-description=\"\" data-medium-file=\"https:\/\/aosmithwtprojects.com\/wp-content\/uploads\/2014\/01\/kapak-min-300x225.jpg\" data-large-file=\"https:\/\/aosmithwtprojects.com\/wp-content\/uploads\/2014\/01\/kapak-min-1024x768.jpg\" \/>\t\t\t\t\t\t<\/a>\n\t\t\t\t<a href=\"https:\/\/aosmithwtprojects.com\/en\/portfolio\/acik-kanal-uv-sistemi-mugla\/\" target=\"_self\">\n\t\t\t\t\t\t\t\tA\u00e7\u0131k Kanal UV Sistemi \/ Mu\u011fla\t\t\t\t\t\t\t\n\t\t\t\t\t\t\t\t\t\t\t\t\t\t\t\t\t\t\tAt\u0131ksu ar\u0131tma tesislerinden do\u011faya de\u015farj edilen sulardaki kimyasal kullan\u0131m\u0131n\u0131 ortadan kald\u0131rmak amac\u0131yla tasarlanan en ekonomik ve ileri teknoloji sistemlerden biri olan a\u00e7\u0131k kanal uv sistemi do\u011faya verilen zarar\u0131 da en aza indirgemektedir. Bu sebeple son y\u0131llarda kullan\u0131m\u0131 h\u0131zla artm\u0131\u015ft\u0131r.\n\t\t\t\t<\/a>\n\t\t\t\t<a href=\"https:\/\/aosmithwtprojects.com\/en\/portfolio\/acik-kanal-uv-sistemi-mugla\/\">Read more &rarr;<\/a>\n\t\t\t\t\t\t\t\t\t<a href=\"https:\/\/aosmithwtprojects.com\/en\/portfolio\/acik-kanal-uv-sistemi-mugla\/\" target=\"_self\">\n\t\t\t\t\t\t\t<img loading=\"lazy\" width=\"315\" height=\"242\" src=\"https:\/\/aosmithwtprojects.com\/wp-content\/uploads\/2020\/03\/DSCN2531_min-315x242.jpg\" alt=\"\" srcset=\"data:image\/svg+xml;utf8,&lt;svg%20xmlns=&quot;http:\/\/www.w3.org\/2000\/svg&quot;%20viewBox=&quot;0%200%20315%20242&quot;%20height=&quot;242px&quot;%20width=&quot;315px&quot;\/&gt;\" data-srcset=\"https:\/\/aosmithwtprojects.com\/wp-content\/uploads\/2020\/03\/DSCN2531_min-315x242.jpg 315w, https:\/\/aosmithwtprojects.com\/wp-content\/uploads\/2020\/03\/DSCN2531_min-1260x969.jpg 1260w, https:\/\/aosmithwtprojects.com\/wp-content\/uploads\/2020\/03\/DSCN2531_min-630x484.jpg 630w, https:\/\/aosmithwtprojects.com\/wp-content\/uploads\/2020\/03\/DSCN2531_min-420x323.jpg 420w, https:\/\/aosmithwtprojects.com\/wp-content\/uploads\/2020\/03\/DSCN2531_min-840x646.jpg 840w\" sizes=\"(min-width: 900px) 50vw, 100vw\" data-attachment-id=\"17809\" data-permalink=\"https:\/\/aosmithwtprojects.com\/en\/portfolio\/acik-kanal-uv-sistemi-mugla\/dscn2531_min\/\" data-orig-file=\"https:\/\/aosmithwtprojects.com\/wp-content\/uploads\/2020\/03\/DSCN2531_min.jpg\" data-orig-size=\"4320,3240\" data-comments-opened=\"0\" data-image-meta=\"{&quot;aperture&quot;:&quot;0&quot;,&quot;credit&quot;:&quot;&quot;,&quot;camera&quot;:&quot;&quot;,&quot;caption&quot;:&quot;&quot;,&quot;created_timestamp&quot;:&quot;0&quot;,&quot;copyright&quot;:&quot;&quot;,&quot;focal_length&quot;:&quot;0&quot;,&quot;iso&quot;:&quot;0&quot;,&quot;shutter_speed&quot;:&quot;0&quot;,&quot;title&quot;:&quot;&quot;,&quot;orientation&quot;:&quot;1&quot;}\" data-image-title=\"DSCN2531_min\" data-image-description=\"\" data-medium-file=\"https:\/\/aosmithwtprojects.com\/wp-content\/uploads\/2020\/03\/DSCN2531_min-300x225.jpg\" data-large-file=\"https:\/\/aosmithwtprojects.com\/wp-content\/uploads\/2020\/03\/DSCN2531_min-1024x768.jpg\" \/>\t\t\t\t\t\t<\/a>\n\t\t\t\t<a href=\"https:\/\/aosmithwtprojects.com\/en\/portfolio\/icme-suyu-uretim-tesisi-ozbekistan\/\" target=\"_self\">\n\t\t\t\t\t\t\t\t\u0130\u00e7me Suyu \u00dcretim Tesisi\t\t\t\t\t\t\t\n\t\t\t\t\t\t\t\t\t\t\t\t\t\t\t\t\t\t\tM\u00fc\u015fterimizin ihtiyac\u0131 do\u011frultusunda ve yap\u0131lan analizler neticesinde kuyudan \u00e7\u0131kan ham suyun i\u00e7me suyu kalitesine ula\u015ft\u0131r\u0131lmas\u0131 i\u00e7in yap\u0131lan ar\u0131tma sistemimizde, kum filtrasyon, Ters osmoz, ozon sistemleri kullan\u0131lm\u0131\u015ft\u0131r. \n\t\t\t\t<\/a>\n\t\t\t\t<a href=\"https:\/\/aosmithwtprojects.com\/en\/portfolio\/icme-suyu-uretim-tesisi-ozbekistan\/\">Read more &rarr;<\/a>\n\t\t\t\t\t\t\t\t\t<a href=\"https:\/\/aosmithwtprojects.com\/en\/portfolio\/icme-suyu-uretim-tesisi-ozbekistan\/\" target=\"_self\">\n\t\t\t\t\t\t\t<img loading=\"lazy\" width=\"315\" height=\"242\" src=\"https:\/\/aosmithwtprojects.com\/wp-content\/uploads\/2020\/03\/DSCN4020_min2-315x242.jpg\" alt=\"\" srcset=\"data:image\/svg+xml;utf8,&lt;svg%20xmlns=&quot;http:\/\/www.w3.org\/2000\/svg&quot;%20viewBox=&quot;0%200%20315%20242&quot;%20height=&quot;242px&quot;%20width=&quot;315px&quot;\/&gt;\" data-srcset=\"https:\/\/aosmithwtprojects.com\/wp-content\/uploads\/2020\/03\/DSCN4020_min2-315x242.jpg 315w, https:\/\/aosmithwtprojects.com\/wp-content\/uploads\/2020\/03\/DSCN4020_min2-1260x969.jpg 1260w, https:\/\/aosmithwtprojects.com\/wp-content\/uploads\/2020\/03\/DSCN4020_min2-630x484.jpg 630w, https:\/\/aosmithwtprojects.com\/wp-content\/uploads\/2020\/03\/DSCN4020_min2-420x323.jpg 420w, https:\/\/aosmithwtprojects.com\/wp-content\/uploads\/2020\/03\/DSCN4020_min2-840x646.jpg 840w\" sizes=\"(min-width: 900px) 50vw, 100vw\" data-attachment-id=\"17803\" data-permalink=\"https:\/\/aosmithwtprojects.com\/en\/portfolio\/icme-suyu-uretim-tesisi-ozbekistan\/dscn4020_min2\/\" data-orig-file=\"https:\/\/aosmithwtprojects.com\/wp-content\/uploads\/2020\/03\/DSCN4020_min2.jpg\" data-orig-size=\"4320,3240\" data-comments-opened=\"0\" data-image-meta=\"{&quot;aperture&quot;:&quot;0&quot;,&quot;credit&quot;:&quot;&quot;,&quot;camera&quot;:&quot;&quot;,&quot;caption&quot;:&quot;&quot;,&quot;created_timestamp&quot;:&quot;0&quot;,&quot;copyright&quot;:&quot;&quot;,&quot;focal_length&quot;:&quot;0&quot;,&quot;iso&quot;:&quot;0&quot;,&quot;shutter_speed&quot;:&quot;0&quot;,&quot;title&quot;:&quot;&quot;,&quot;orientation&quot;:&quot;1&quot;}\" data-image-title=\"DSCN4020_min2\" data-image-description=\"\" data-medium-file=\"https:\/\/aosmithwtprojects.com\/wp-content\/uploads\/2020\/03\/DSCN4020_min2-300x225.jpg\" data-large-file=\"https:\/\/aosmithwtprojects.com\/wp-content\/uploads\/2020\/03\/DSCN4020_min2-1024x768.jpg\" \/>\t\t\t\t\t\t<\/a>\n\t\t\t\t<a href=\"https:\/\/aosmithwtprojects.com\/en\/portfolio\/mobil-icme-suyu-aritma-sistemi-fas\/\" target=\"_self\">\n\t\t\t\t\t\t\t\tMobil \u0130\u00e7me Suyu Ar\u0131tma\t\t\t\t\t\t\t\n\t\t\t\t\t\t\t\t\t\t\t\t\t\t\t\t\t\t\tBu projemizde \u00f6ncelikle A.O. Smith laboratuvarlar\u0131nda test etti\u011fimiz ham suyun i\u00e7eri\u011finde bulunan toplam \u00e7\u00f6z\u00fcnm\u00fc\u015f tuz miktar\u0131n\u0131n i\u00e7me suyu standartlar\u0131n\u0131n \u00fczerinde oldu\u011fu tespit edildi. \n\t\t\t\t<\/a>\n\t\t\t\t<a href=\"https:\/\/aosmithwtprojects.com\/en\/portfolio\/mobil-icme-suyu-aritma-sistemi-fas\/\">Read more &rarr;<\/a>\n\t\t\t\t\t\t\t\t\t<a href=\"https:\/\/aosmithwtprojects.com\/en\/portfolio\/mobil-icme-suyu-aritma-sistemi-fas\/\" target=\"_self\">\n\t\t\t\t\t\t\t<img loading=\"lazy\" width=\"315\" height=\"242\" src=\"https:\/\/aosmithwtprojects.com\/wp-content\/uploads\/2020\/03\/DSCN3314-315x242.jpg\" alt=\"\" srcset=\"data:image\/svg+xml;utf8,&lt;svg%20xmlns=&quot;http:\/\/www.w3.org\/2000\/svg&quot;%20viewBox=&quot;0%200%20315%20242&quot;%20height=&quot;242px&quot;%20width=&quot;315px&quot;\/&gt;\" data-srcset=\"https:\/\/aosmithwtprojects.com\/wp-content\/uploads\/2020\/03\/DSCN3314-315x242.jpg 315w, https:\/\/aosmithwtprojects.com\/wp-content\/uploads\/2020\/03\/DSCN3314-1260x969.jpg 1260w, https:\/\/aosmithwtprojects.com\/wp-content\/uploads\/2020\/03\/DSCN3314-630x484.jpg 630w, https:\/\/aosmithwtprojects.com\/wp-content\/uploads\/2020\/03\/DSCN3314-420x323.jpg 420w, https:\/\/aosmithwtprojects.com\/wp-content\/uploads\/2020\/03\/DSCN3314-840x646.jpg 840w\" sizes=\"(min-width: 900px) 50vw, 100vw\" data-attachment-id=\"17798\" data-permalink=\"https:\/\/aosmithwtprojects.com\/en\/portfolio\/mobil-icme-suyu-aritma-sistemi-fas\/dscn3314\/\" data-orig-file=\"https:\/\/aosmithwtprojects.com\/wp-content\/uploads\/2020\/03\/DSCN3314.jpg\" data-orig-size=\"2500,1875\" data-comments-opened=\"0\" data-image-meta=\"{&quot;aperture&quot;:&quot;0&quot;,&quot;credit&quot;:&quot;&quot;,&quot;camera&quot;:&quot;&quot;,&quot;caption&quot;:&quot;&quot;,&quot;created_timestamp&quot;:&quot;0&quot;,&quot;copyright&quot;:&quot;&quot;,&quot;focal_length&quot;:&quot;0&quot;,&quot;iso&quot;:&quot;0&quot;,&quot;shutter_speed&quot;:&quot;0&quot;,&quot;title&quot;:&quot;&quot;,&quot;orientation&quot;:&quot;0&quot;}\" data-image-title=\"DSCN3314\" data-image-description=\"\" data-medium-file=\"https:\/\/aosmithwtprojects.com\/wp-content\/uploads\/2020\/03\/DSCN3314-300x225.jpg\" data-large-file=\"https:\/\/aosmithwtprojects.com\/wp-content\/uploads\/2020\/03\/DSCN3314-1024x768.jpg\" \/>\t\t\t\t\t\t<\/a>\n<\/section>\n","protected":false},"excerpt":{"rendered":"<p>Analysis &amp; Scope The analysis phase is all about setting up the project for success. Next, you define a scope. Understand the design challenge. Learn more Projectdesign The design phase involves benchmarking, prototyping, and testing. During this phase, you want to test your ideas before you build them. Learn more Specification Phase The specification phase&#8230;<\/p>\n","protected":false},"author":1,"featured_media":0,"parent":0,"menu_order":0,"comment_status":"closed","ping_status":"closed","template":"","meta":{"_price":"","_stock":"","_tribe_ticket_header":"","_tribe_default_ticket_provider":"","_tribe_ticket_capacity":"0","_ticket_start_date":"","_ticket_end_date":"","_tribe_ticket_show_description":"","_tribe_ticket_show_not_going":false,"_tribe_ticket_use_global_stock":"","_tribe_ticket_global_stock_level":"","_global_stock_mode":"","_global_stock_cap":"","_tribe_rsvp_for_event":"","_tribe_ticket_going_count":"","_tribe_ticket_not_going_count":"","_tribe_tickets_list":[],"_tribe_ticket_has_attendee_info_fields":false},"jetpack_sharing_enabled":true,"_links":{"self":[{"href":"https:\/\/aosmithwtprojects.com\/en\/wp-json\/wp\/v2\/pages\/18640"}],"collection":[{"href":"https:\/\/aosmithwtprojects.com\/en\/wp-json\/wp\/v2\/pages"}],"about":[{"href":"https:\/\/aosmithwtprojects.com\/en\/wp-json\/wp\/v2\/types\/page"}],"author":[{"embeddable":true,"href":"https:\/\/aosmithwtprojects.com\/en\/wp-json\/wp\/v2\/users\/1"}],"replies":[{"embeddable":true,"href":"https:\/\/aosmithwtprojects.com\/en\/wp-json\/wp\/v2\/comments?post=18640"}],"version-history":[{"count":0,"href":"https:\/\/aosmithwtprojects.com\/en\/wp-json\/wp\/v2\/pages\/18640\/revisions"}],"wp:attachment":[{"href":"https:\/\/aosmithwtprojects.com\/en\/wp-json\/wp\/v2\/media?parent=18640"}],"curies":[{"name":"wp","href":"https:\/\/api.w.org\/{rel}","templated":true}]}}