{"id":19711,"date":"2020-07-22T15:55:34","date_gmt":"2020-07-22T12:55:34","guid":{"rendered":"https:\/\/aosmithwtprojects.com\/enerji-2\/"},"modified":"2021-04-14T00:39:18","modified_gmt":"2021-04-13T21:39:18","slug":"%d1%8d%d0%bd%d0%b5%d1%80%d0%b3%d0%b5%d1%82%d0%b8%d0%ba%d0%b0","status":"publish","type":"page","link":"https:\/\/aosmithwtprojects.com\/ru\/%d1%8d%d0%bd%d0%b5%d1%80%d0%b3%d0%b5%d1%82%d0%b8%d0%ba%d0%b0\/","title":{"rendered":"\u042d\u043d\u0435\u0440\u0433\u0435\u0442\u0438\u043a\u0430"},"content":{"rendered":"\n<h2>\n\t<strong>\u042d\u043d\u0435\u0440\u0433\u0435\u0442\u0438\u043a\u0430<\/strong>\n\t<\/h2>\n\t\t\t\t<img loading=\"lazy\" src=\"https:\/\/aosmithwtprojects.com\/wp-content\/uploads\/2019\/11\/enerji-endustriv2-1024x827.jpg\" alt=\"enerji-endustriv2\" itemprop=\"image\" height=\"827\" width=\"1024\" title=\"enerji-endustriv2\" onerror=\"this.style.display='none'\"  \/>\n\t<p>A. O. Smith su ve at\u0131k su ar\u0131tma enerji santrallerinin gereksinimlerini kar\u015f\u0131lamak \u00fczere tasarlanm\u0131\u015f son derece entegre, \u00f6zelle\u015fmi\u015f sistemlerdir. Su ve sahan\u0131n analizinden ba\u015flayarak, proje m\u00fchendislerimiz taraf\u0131ndan anahtar teslim su ar\u0131tma \u00e7\u00f6z\u00fcm\u00fc sunularak yenilik\u00e7i sistemler tasarlan\u0131r.<\/p>\n\t<h2>Uygulama Alanlar\u0131<\/h2>\n<ul>\n<li>Filtrasyon Sistemleri<\/li>\n<\/ul>\n<hr \/>\n<ul>\n<li>Ters Ozmoz Sistemleri,<\/li>\n<\/ul>\n<hr \/>\n<ul>\n<li>Geri Kazan\u0131m Sistemleri<\/li>\n<\/ul>\n<hr \/>\n<ul>\n<li>Ozon ve Ultraviyole Dezenfeksiyon Sistemleri<\/li>\n<\/ul>\n<hr \/>\n<ul>\n<li>Su Yumu\u015fatma Sistemleri<\/li>\n<\/ul>\n<hr \/>\n<ul>\n<li>Kule Kontrol Dozaj Sistemleri<\/li>\n<\/ul>\n<hr \/>\n<ul>\n<li>At\u0131k Su Ar\u0131tma Sistemleri<\/li>\n<\/ul>\n<hr \/>\n<ul>\n<li>Ultrafiltrasyon Sistemleri<\/li>\n<\/ul>\n<hr \/>\n<ul>\n<li>Kazan Besi Suyu<\/li>\n<\/ul>\n<h2>\n\t\u0417\u0430\u044f\u0432\u043a\u0430 \u043d\u0430 \u043f\u043e\u043b\u0443\u0447\u0435\u043d\u0438\u0435 \u0438\u043d\u0444\u043e\u0440\u043c\u0430\u0446\u0438\u0438\n\t<\/h2>\n\t<p>\u041a\u0430\u043a \u043f\u0440\u043e\u0438\u0437\u0432\u043e\u0434\u0438\u0442\u0435\u043b\u044c \u0432\u044b\u0441\u043e\u043a\u043e\u0442\u0435\u0445\u043d\u043e\u043b\u043e\u0433\u0438\u0447\u043d\u044b\u0445 \u0443\u0441\u0442\u0440\u043e\u0439\u0441\u0442\u0432, A. O. Smith \u0441\u0442\u0440\u0435\u043c\u0438\u0442\u0441\u044f \u043c\u0430\u043a\u0441\u0438\u043c\u0430\u043b\u044c\u043d\u043e \u043f\u043e\u0432\u044b\u0441\u0438\u0442\u044c \u0443\u0434\u043e\u0431\u0441\u0442\u0432\u043e \u0438 \u043a\u043e\u043c\u0444\u043e\u0440\u0442 \u0441\u0432\u043e\u0438\u0445 \u043f\u043e\u043b\u044c\u0437\u043e\u0432\u0430\u0442\u0435\u043b\u0435\u0439. \u0412 \u044d\u0442\u043e\u043c \u043d\u0430\u043f\u0440\u0430\u0432\u043b\u0435\u043d\u0438\u0438 \u043c\u044b \u043e\u043a\u0430\u0437\u044b\u0432\u0430\u0435\u043c \u0432\u0441\u044e \u043d\u0435\u043e\u0431\u0445\u043e\u0434\u0438\u043c\u0443\u044e \u043f\u043e\u0434\u0434\u0435\u0440\u0436\u043a\u0443, \u0433\u0430\u0440\u0430\u043d\u0442\u0438\u0440\u0443\u044f \u0431\u0435\u0437\u0443\u043f\u0440\u0435\u0447\u043d\u0443\u044e \u0440\u0430\u0431\u043e\u0442\u0443 \u043d\u0430\u0448\u0435\u0439 \u043f\u0440\u043e\u0434\u0443\u043a\u0446\u0438\u0438.<\/p>\n<p>\u041a\u043e\u043c\u043f\u0430\u043d\u0438\u044f A. O. Smith\u00a0 \u043e\u0431\u0435\u0449\u0430\u0435\u0442 \u0443\u0434\u0435\u043b\u044f\u0442\u044c \u043f\u0435\u0440\u0432\u043e\u043e\u0447\u0435\u0440\u0435\u0434\u043d\u043e\u0435 \u0432\u043d\u0438\u043c\u0430\u043d\u0438\u0435 \u0443\u0434\u043e\u0432\u043b\u0435\u0442\u0432\u043e\u0440\u0435\u043d\u0438\u044e \u043f\u043e\u0442\u0440\u0435\u0431\u043d\u043e\u0441\u0442\u0435\u0439 \u043d\u0430\u0448\u0438\u0445 \u043a\u043b\u0438\u0435\u043d\u0442\u043e\u0432 \u043d\u0430 \u043f\u0440\u043e\u0442\u044f\u0436\u0435\u043d\u0438\u0438 \u0432\u0441\u0435\u0433\u043e \u0441\u0440\u043e\u043a\u0430 \u0441\u043b\u0443\u0436\u0431\u044b \u043d\u0430\u0448\u0435\u0439 \u043f\u0440\u043e\u0434\u0443\u043a\u0446\u0438\u0438.<\/p>\n<p>A. O. Smith \u0441\u0442\u0440\u0435\u043c\u0438\u0442\u0441\u044f \u043a \u044d\u0442\u043e\u043c\u0443, \u043f\u0440\u0435\u0434\u043b\u0430\u0433\u0430\u044f \u043f\u043e\u043b\u043d\u044b\u0439 \u0441\u043f\u0435\u043a\u0442\u0440 \u0443\u0441\u043b\u0443\u0433, \u0442\u0430\u043a\u0438\u0445 \u043a\u0430\u043a \u0432\u0432\u043e\u0434 \u0432 \u044d\u043a\u0441\u043f\u043b\u0443\u0430\u0442\u0430\u0446\u0438\u044e, \u0441\u0435\u0440\u0432\u0438\u0441\u043d\u043e\u0435 \u0438 \u0442\u0435\u0445\u043d\u0438\u0447\u0435\u0441\u043a\u043e\u0435 \u043e\u0431\u0441\u043b\u0443\u0436\u0438\u0432\u0430\u043d\u0438\u0435, \u0430 \u0442\u0430\u043a\u0436\u0435 \u0448\u0438\u0440\u043e\u043a\u0438\u0439 \u0430\u0441\u0441\u043e\u0440\u0442\u0438\u043c\u0435\u043d\u0442 \u043f\u0440\u043e\u0434\u0443\u043a\u0446\u0438\u0438.<\/p>\n    \u041f\u043e\u043c\u043d\u0438\u0442\u0435: \u0434\u043b\u044f \u044d\u0442\u043e\u0433\u043e \u043a\u043e\u043d\u0442\u0435\u043d\u0442\u0430 \u0442\u0440\u0435\u0431\u0443\u0435\u0442\u0441\u044f JavaScript.\n        <!-- TODO: Move to Template File. -->\n        \n","protected":false},"excerpt":{"rendered":"<p>\u042d\u043d\u0435\u0440\u0433\u0435\u0442\u0438\u043a\u0430 A. O. Smith su ve at\u0131k su ar\u0131tma enerji santrallerinin gereksinimlerini kar\u015f\u0131lamak \u00fczere tasarlanm\u0131\u015f son derece entegre, \u00f6zelle\u015fmi\u015f sistemlerdir. Su ve sahan\u0131n analizinden ba\u015flayarak, proje m\u00fchendislerimiz taraf\u0131ndan anahtar teslim su ar\u0131tma \u00e7\u00f6z\u00fcm\u00fc sunularak yenilik\u00e7i sistemler tasarlan\u0131r. Uygulama Alanlar\u0131 Filtrasyon Sistemleri Ters Ozmoz Sistemleri, Geri Kazan\u0131m Sistemleri Ozon ve Ultraviyole Dezenfeksiyon Sistemleri Su Yumu\u015fatma Sistemleri&#8230;<\/p>\n","protected":false},"author":1,"featured_media":0,"parent":0,"menu_order":0,"comment_status":"closed","ping_status":"closed","template":"","meta":{"_price":"","_stock":"","_tribe_ticket_header":"","_tribe_default_ticket_provider":"","_tribe_ticket_capacity":"0","_ticket_start_date":"","_ticket_end_date":"","_tribe_ticket_show_description":"","_tribe_ticket_show_not_going":false,"_tribe_ticket_use_global_stock":"","_tribe_ticket_global_stock_level":"","_global_stock_mode":"","_global_stock_cap":"","_tribe_rsvp_for_event":"","_tribe_ticket_going_count":"","_tribe_ticket_not_going_count":"","_tribe_tickets_list":[],"_tribe_ticket_has_attendee_info_fields":false},"jetpack_sharing_enabled":true,"_links":{"self":[{"href":"https:\/\/aosmithwtprojects.com\/ru\/wp-json\/wp\/v2\/pages\/19711"}],"collection":[{"href":"https:\/\/aosmithwtprojects.com\/ru\/wp-json\/wp\/v2\/pages"}],"about":[{"href":"https:\/\/aosmithwtprojects.com\/ru\/wp-json\/wp\/v2\/types\/page"}],"author":[{"embeddable":true,"href":"https:\/\/aosmithwtprojects.com\/ru\/wp-json\/wp\/v2\/users\/1"}],"replies":[{"embeddable":true,"href":"https:\/\/aosmithwtprojects.com\/ru\/wp-json\/wp\/v2\/comments?post=19711"}],"version-history":[{"count":5,"href":"https:\/\/aosmithwtprojects.com\/ru\/wp-json\/wp\/v2\/pages\/19711\/revisions"}],"predecessor-version":[{"id":20417,"href":"https:\/\/aosmithwtprojects.com\/ru\/wp-json\/wp\/v2\/pages\/19711\/revisions\/20417"}],"wp:attachment":[{"href":"https:\/\/aosmithwtprojects.com\/ru\/wp-json\/wp\/v2\/media?parent=19711"}],"curies":[{"name":"wp","href":"https:\/\/api.w.org\/{rel}","templated":true}]}}