{"id":19764,"date":"2020-04-24T16:09:24","date_gmt":"2020-04-24T13:09:24","guid":{"rendered":"https:\/\/aosmithwtprojects.com\/klor-dozaj-sistemi\/"},"modified":"2021-04-13T23:36:14","modified_gmt":"2021-04-13T20:36:14","slug":"%d1%81%d0%b8%d1%81%d1%82%d0%b5%d0%bc%d0%b0-%d0%b4%d0%be%d0%b7%d0%b8%d1%80%d0%be%d0%b2%d0%b0%d0%bd%d0%b8%d1%8f-%d1%85%d0%bb%d0%be%d1%80%d0%b0","status":"publish","type":"page","link":"https:\/\/aosmithwtprojects.com\/ru\/%d1%81%d0%b8%d1%81%d1%82%d0%b5%d0%bc%d0%b0-%d0%b4%d0%be%d0%b7%d0%b8%d1%80%d0%be%d0%b2%d0%b0%d0%bd%d0%b8%d1%8f-%d1%85%d0%bb%d0%be%d1%80%d0%b0\/","title":{"rendered":"\u0421\u0438\u0441\u0442\u0435\u043c\u0430 \u0434\u043e\u0437\u0438\u0440\u043e\u0432\u0430\u043d\u0438\u044f \u0445\u043b\u043e\u0440\u0430"},"content":{"rendered":"\n<h2>\n\t\u0421\u0438\u0441\u0442\u0435\u043c\u0430<br \/><strong>\u0434\u043e\u0437\u0438\u0440\u043e\u0432\u0430\u043d\u0438\u044f \u0445\u043b\u043e\u0440\u0430<\/strong>\n\t<\/h2>\n\t\n\t<p>\u0421\u0438\u0441\u0442\u0435\u043c\u044b \u0434\u043e\u0437\u0438\u0440\u043e\u0432\u0430\u043d\u0438\u044f \u0445\u043b\u043e\u0440\u0430 &#8211; \u043e\u0434\u043d\u0430 \u0438\u0437 \u043d\u0430\u0438\u0431\u043e\u043b\u0435\u0435 \u0440\u0430\u0441\u043f\u0440\u043e\u0441\u0442\u0440\u0430\u043d\u0435\u043d\u043d\u044b\u0445 \u0441\u0438\u0441\u0442\u0435\u043c, \u0438\u0441\u043f\u043e\u043b\u044c\u0437\u0443\u0435\u043c\u044b\u0445 \u0434\u043b\u044f \u0434\u0435\u0437\u0438\u043d\u0444\u0435\u043a\u0446\u0438\u0438. \u0421\u0438\u0441\u0442\u0435\u043c\u0430 \u0434\u043e\u0437\u0438\u0440\u043e\u0432\u0430\u043d\u0438\u044f \u0445\u043b\u043e\u0440\u0430 &#8211; \u043e\u0434\u0438\u043d \u0438\u0437 \u0441\u0430\u043c\u044b\u0445 \u044d\u043a\u043e\u043d\u043e\u043c\u0438\u0447\u043d\u044b\u0445, \u043f\u043e\u043c\u0438\u043c\u043e \u043f\u043e\u0441\u0442\u043e\u044f\u043d\u043d\u043e\u0433\u043e \u0434\u0435\u0439\u0441\u0442\u0432\u0438\u044f. \u0414\u043e\u0437\u0430\u0442\u043e\u0440\u044b \u0445\u043b\u043e\u0440\u0430 \u0438\u0441\u043f\u043e\u043b\u044c\u0437\u0443\u044e\u0442\u0441\u044f \u0434\u043b\u044f \u043e\u043a\u0438\u0441\u043b\u0435\u043d\u0438\u044f \u043e\u043a\u0438\u0441\u043b\u044f\u0435\u043c\u044b\u0445 \u0432\u0435\u0449\u0435\u0441\u0442\u0432, \u0442\u0430\u043a\u0438\u0445 \u043a\u0430\u043a \u043d\u0438\u0442\u0440\u0438\u0442\u044b, \u0436\u0435\u043b\u0435\u0437\u043e, \u043c\u0430\u0440\u0433\u0430\u043d\u0435\u0446, \u0432 \u0432\u043e\u0434\u0435, \u0430 \u0442\u0430\u043a\u0436\u0435 \u0434\u043b\u044f \u0434\u0435\u0437\u0438\u043d\u0444\u0435\u043a\u0446\u0438\u0438 \u0437\u0430\u0433\u0440\u044f\u0437\u043d\u0438\u0442\u0435\u043b\u0435\u0439, \u0442\u0430\u043a\u0438\u0445 \u043a\u0430\u043a \u0431\u0430\u043a\u0442\u0435\u0440\u0438\u0438 \u0438 \u0432\u0438\u0440\u0443\u0441\u044b.<\/p>\n\n<p>\u0412 \u044d\u0442\u0438\u0445 \u0441\u0438\u0441\u0442\u0435\u043c\u0430\u0445 \u0434\u043e\u0437\u0438\u0440\u043e\u0432\u0430\u043d\u0438\u0435 \u0440\u0435\u0433\u0443\u043b\u0438\u0440\u0443\u0435\u0442\u0441\u044f \u0432\u0440\u0443\u0447\u043d\u0443\u044e. \u041a\u043e\u043b\u0438\u0447\u0435\u0441\u0442\u0432\u043e \u0434\u043e\u0437\u0438\u0440\u0443\u0435\u043c\u043e\u0433\u043e \u0445\u0438\u043c\u0438\u043a\u0430\u0442\u0430 \u0440\u0435\u0433\u0443\u043b\u0438\u0440\u0443\u0435\u0442\u0441\u044f \u0432\u0435\u043b\u0438\u0447\u0438\u043d\u043e\u0439 \u0445\u043e\u0434\u0430 \u043d\u0430\u0441\u043e\u0441\u0430. \u041a\u0430\u043a \u0438 \u0432 \u0441\u043b\u0443\u0447\u0430\u0435 \u0441 \u0434\u0440\u0443\u0433\u0438\u043c\u0438 \u0434\u043e\u0437\u0438\u0440\u0443\u044e\u0449\u0438\u043c\u0438 \u043d\u0430\u0441\u043e\u0441\u0430\u043c\u0438, \u0441 \u043f\u043e\u043c\u043e\u0449\u044c\u044e \u044d\u0442\u0438\u0445 \u043d\u0430\u0441\u043e\u0441\u043e\u0432 \u043c\u043e\u0436\u043d\u043e \u0434\u043e\u0437\u0438\u0440\u043e\u0432\u0430\u0442\u044c \u043c\u043d\u043e\u0436\u0435\u0441\u0442\u0432\u043e \u0440\u0430\u0437\u043b\u0438\u0447\u043d\u044b\u0445 \u0436\u0438\u0434\u043a\u043e\u0441\u0442\u0435\u0439.<\/p>\n\n<p>\u0421\u0438\u0441\u0442\u0435\u043c\u044b \u0441 \u0440\u0435\u0433\u0443\u043b\u0438\u0440\u0443\u0435\u043c\u044b\u043c \u041e\u0412\u041f \u0438\u0437\u043c\u0435\u0440\u044f\u044e\u0442 \u043a\u043e\u043b\u0438\u0447\u0435\u0441\u0442\u0432\u043e \u0445\u043b\u043e\u0440\u0430 \u0432 \u0432\u043e\u0434\u0435 \u0438 \u0440\u0435\u0433\u0443\u043b\u0438\u0440\u0443\u044e\u0442 \u0434\u043e\u0437\u0438\u0440\u043e\u0432\u043a\u0443 \u0432 \u0441\u043e\u043e\u0442\u0432\u0435\u0442\u0441\u0442\u0432\u0438\u0438 \u0441 \u0437\u0430\u0434\u0430\u043d\u043d\u044b\u043c \u0437\u043d\u0430\u0447\u0435\u043d\u0438\u0435\u043c.<\/p>\n\n<p>\u042d\u0442\u043e \u0434\u0430\u0435\u0442 \u0432\u043e\u0437\u043c\u043e\u0436\u043d\u043e\u0441\u0442\u044c \u0434\u043e\u0437\u0438\u0440\u043e\u0432\u0430\u0442\u044c \u0432 \u0437\u0430\u0432\u0438\u0441\u0438\u043c\u043e\u0441\u0442\u0438 \u043e\u0442 \u043a\u043e\u043b\u0438\u0447\u0435\u0441\u0442\u0432\u0430 \u0432\u043e\u0434\u044b, \u043f\u0440\u043e\u0442\u0435\u043a\u0430\u044e\u0449\u0435\u0439 \u0432 \u0434\u043e\u0437\u0438\u0440\u0443\u044e\u0449\u0438\u0445 \u043d\u0430\u0441\u043e\u0441\u0430\u0445 \u0441 \u0440\u0435\u0433\u0443\u043b\u0438\u0440\u0443\u0435\u043c\u044b\u043c \u0440\u0430\u0441\u0445\u043e\u0434\u043e\u043c. \u0421\u0438\u0441\u0442\u0435\u043c\u0430 \u0440\u0430\u0431\u043e\u0442\u0430\u0435\u0442 \u0432\u043c\u0435\u0441\u0442\u0435 \u0441\u043e \u0441\u0447\u0435\u0442\u0447\u0438\u043a\u043e\u043c, \u043f\u043e\u0434\u043a\u043b\u044e\u0447\u0435\u043d\u043d\u044b\u043c \u043a \u0434\u043e\u0437\u0438\u0440\u0443\u044e\u0449\u0435\u043c\u0443 \u043d\u0430\u0441\u043e\u0441\u0443. \u0418\u0437\u043c\u0435\u0440\u0438\u0442\u0435\u043b\u044c \u0438\u0437\u043c\u0435\u0440\u044f\u0435\u0442 \u043f\u0440\u043e\u0442\u043e\u0447\u043d\u0443\u044e \u0436\u0438\u0434\u043a\u043e\u0441\u0442\u044c \u0438 \u043f\u043e\u0441\u044b\u043b\u0430\u0435\u0442 \u0441\u0438\u0433\u043d\u0430\u043b (\u0438\u043c\u043f\u0443\u043b\u044c\u0441) \u043d\u0430\u0441\u043e\u0441\u0443, \u0438 \u043d\u0430\u0441\u043e\u0441 \u0441\u043e\u043e\u0442\u0432\u0435\u0442\u0441\u0442\u0432\u0435\u043d\u043d\u043e \u0434\u043e\u0437\u0438\u0440\u0443\u0435\u0442 \u0436\u0435\u043b\u0430\u0435\u043c\u043e\u0435 \u0445\u0438\u043c\u0438\u0447\u0435\u0441\u043a\u043e\u0435 \u0432\u0435\u0449\u0435\u0441\u0442\u0432\u043e.<\/p>\n\t<h2>\u0421\u043f\u0440\u0430\u0432\u043e\u0447\u043d\u044b\u0435 \u043f\u0440\u043e\u0435\u043a\u0442\u044b<\/h2>\n<section>\n\t\t\t\t<a href=\"https:\/\/aosmithwtprojects.com\/ru\/portfolio\/icme-suyu-uretim-tesisi-ozbekistan\/\" target=\"_self\" rel=\"noopener\">\n\t\t\t\t\t\t\t\t\u0130\u00e7me Suyu \u00dcretim Tesisi\t\t\t\t\t\t\t\n\t\t\t\t<\/a>\n\t\t\t\t<a href=\"https:\/\/aosmithwtprojects.com\/ru\/portfolio\/icme-suyu-uretim-tesisi-ozbekistan\/\">Read more &rarr;<\/a>\n\t\t\t\t\t\t\t\t\t<a href=\"https:\/\/aosmithwtprojects.com\/ru\/portfolio\/icme-suyu-uretim-tesisi-ozbekistan\/\" target=\"_self\" rel=\"noopener\">\n\t\t\t\t\t\t\t<img width=\"315\" height=\"242\" src=\"https:\/\/aosmithwtprojects.com\/wp-content\/uploads\/2020\/03\/DSCN4020_min2-315x242.jpg\" alt=\"\" loading=\"lazy\" srcset=\"data:image\/svg+xml;utf8,&lt;svg%20xmlns=&quot;http:\/\/www.w3.org\/2000\/svg&quot;%20viewBox=&quot;0%200%20315%20242&quot;%20height=&quot;242px&quot;%20width=&quot;315px&quot;\/&gt;\" data-srcset=\"https:\/\/aosmithwtprojects.com\/wp-content\/uploads\/2020\/03\/DSCN4020_min2-315x242.jpg 315w, https:\/\/aosmithwtprojects.com\/wp-content\/uploads\/2020\/03\/DSCN4020_min2-1260x969.jpg 1260w, https:\/\/aosmithwtprojects.com\/wp-content\/uploads\/2020\/03\/DSCN4020_min2-630x484.jpg 630w, https:\/\/aosmithwtprojects.com\/wp-content\/uploads\/2020\/03\/DSCN4020_min2-420x323.jpg 420w, https:\/\/aosmithwtprojects.com\/wp-content\/uploads\/2020\/03\/DSCN4020_min2-840x646.jpg 840w\" sizes=\"(min-width: 900px) 50vw, 100vw\" data-attachment-id=\"20010\" data-permalink=\"https:\/\/aosmithwtprojects.com\/ru\/portfolio\/icme-suyu-uretim-tesisi-ozbekistan\/dscn4020_min2-2\/\" data-orig-file=\"https:\/\/aosmithwtprojects.com\/wp-content\/uploads\/2020\/03\/DSCN4020_min2.jpg\" data-orig-size=\"4320,3240\" data-comments-opened=\"1\" data-image-meta=\"{&quot;aperture&quot;:&quot;0&quot;,&quot;credit&quot;:&quot;&quot;,&quot;camera&quot;:&quot;&quot;,&quot;caption&quot;:&quot;&quot;,&quot;created_timestamp&quot;:&quot;0&quot;,&quot;copyright&quot;:&quot;&quot;,&quot;focal_length&quot;:&quot;0&quot;,&quot;iso&quot;:&quot;0&quot;,&quot;shutter_speed&quot;:&quot;0&quot;,&quot;title&quot;:&quot;&quot;,&quot;orientation&quot;:&quot;1&quot;}\" data-image-title=\"DSCN4020_min2\" data-image-description=\"\" data-medium-file=\"https:\/\/aosmithwtprojects.com\/wp-content\/uploads\/2020\/03\/DSCN4020_min2-300x225.jpg\" data-large-file=\"https:\/\/aosmithwtprojects.com\/wp-content\/uploads\/2020\/03\/DSCN4020_min2-1024x768.jpg\" \/>\t\t\t\t\t\t<\/a>\n\t\t\t\t<a href=\"https:\/\/aosmithwtprojects.com\/ru\/portfolio\/mobil-icme-suyu-aritma-sistemi-fas\/\" target=\"_self\" rel=\"noopener\">\n\t\t\t\t\t\t\t\tMobil \u0130\u00e7me Suyu Ar\u0131tma\t\t\t\t\t\t\t\n\t\t\t\t<\/a>\n\t\t\t\t<a href=\"https:\/\/aosmithwtprojects.com\/ru\/portfolio\/mobil-icme-suyu-aritma-sistemi-fas\/\">Read more &rarr;<\/a>\n\t\t\t\t\t\t\t\t\t<a href=\"https:\/\/aosmithwtprojects.com\/ru\/portfolio\/mobil-icme-suyu-aritma-sistemi-fas\/\" target=\"_self\" rel=\"noopener\">\n\t\t\t\t\t\t\t<img width=\"315\" height=\"242\" src=\"https:\/\/aosmithwtprojects.com\/wp-content\/uploads\/2020\/03\/DSCN3314-315x242.jpg\" alt=\"\" loading=\"lazy\" srcset=\"data:image\/svg+xml;utf8,&lt;svg%20xmlns=&quot;http:\/\/www.w3.org\/2000\/svg&quot;%20viewBox=&quot;0%200%20315%20242&quot;%20height=&quot;242px&quot;%20width=&quot;315px&quot;\/&gt;\" data-srcset=\"https:\/\/aosmithwtprojects.com\/wp-content\/uploads\/2020\/03\/DSCN3314-315x242.jpg 315w, https:\/\/aosmithwtprojects.com\/wp-content\/uploads\/2020\/03\/DSCN3314-1260x969.jpg 1260w, https:\/\/aosmithwtprojects.com\/wp-content\/uploads\/2020\/03\/DSCN3314-630x484.jpg 630w, https:\/\/aosmithwtprojects.com\/wp-content\/uploads\/2020\/03\/DSCN3314-420x323.jpg 420w, https:\/\/aosmithwtprojects.com\/wp-content\/uploads\/2020\/03\/DSCN3314-840x646.jpg 840w\" sizes=\"(min-width: 900px) 50vw, 100vw\" data-attachment-id=\"20012\" data-permalink=\"https:\/\/aosmithwtprojects.com\/ru\/portfolio\/mobil-icme-suyu-aritma-sistemi-fas\/dscn3314-2\/\" data-orig-file=\"https:\/\/aosmithwtprojects.com\/wp-content\/uploads\/2020\/03\/DSCN3314.jpg\" data-orig-size=\"2500,1875\" data-comments-opened=\"0\" data-image-meta=\"{&quot;aperture&quot;:&quot;0&quot;,&quot;credit&quot;:&quot;&quot;,&quot;camera&quot;:&quot;&quot;,&quot;caption&quot;:&quot;&quot;,&quot;created_timestamp&quot;:&quot;0&quot;,&quot;copyright&quot;:&quot;&quot;,&quot;focal_length&quot;:&quot;0&quot;,&quot;iso&quot;:&quot;0&quot;,&quot;shutter_speed&quot;:&quot;0&quot;,&quot;title&quot;:&quot;&quot;,&quot;orientation&quot;:&quot;0&quot;}\" data-image-title=\"DSCN3314\" data-image-description=\"\" data-medium-file=\"https:\/\/aosmithwtprojects.com\/wp-content\/uploads\/2020\/03\/DSCN3314-300x225.jpg\" data-large-file=\"https:\/\/aosmithwtprojects.com\/wp-content\/uploads\/2020\/03\/DSCN3314-1024x768.jpg\" \/>\t\t\t\t\t\t<\/a>\n\t\t\t\t<a href=\"https:\/\/aosmithwtprojects.com\/ru\/portfolio\/tarimsal-sulama-azerbeycan\/\" target=\"_self\" rel=\"noopener\">\n\t\t\t\t\t\t\t\tTar\u0131msal Sulama \/ Azerbeycan\t\t\t\t\t\t\t\n\t\t\t\t<\/a>\n\t\t\t\t<a href=\"https:\/\/aosmithwtprojects.com\/ru\/portfolio\/tarimsal-sulama-azerbeycan\/\">Read more &rarr;<\/a>\n\t\t\t\t\t\t\t\t\t<a href=\"https:\/\/aosmithwtprojects.com\/ru\/portfolio\/tarimsal-sulama-azerbeycan\/\" target=\"_self\" rel=\"noopener\">\n\t\t\t\t\t\t\t<img width=\"315\" height=\"242\" src=\"https:\/\/aosmithwtprojects.com\/wp-content\/uploads\/2020\/03\/100_1051-315x242.jpg\" alt=\"\" loading=\"lazy\" srcset=\"data:image\/svg+xml;utf8,&lt;svg%20xmlns=&quot;http:\/\/www.w3.org\/2000\/svg&quot;%20viewBox=&quot;0%200%20315%20242&quot;%20height=&quot;242px&quot;%20width=&quot;315px&quot;\/&gt;\" data-srcset=\"https:\/\/aosmithwtprojects.com\/wp-content\/uploads\/2020\/03\/100_1051-315x242.jpg 315w, https:\/\/aosmithwtprojects.com\/wp-content\/uploads\/2020\/03\/100_1051-1260x969.jpg 1260w, https:\/\/aosmithwtprojects.com\/wp-content\/uploads\/2020\/03\/100_1051-630x484.jpg 630w, https:\/\/aosmithwtprojects.com\/wp-content\/uploads\/2020\/03\/100_1051-420x323.jpg 420w, https:\/\/aosmithwtprojects.com\/wp-content\/uploads\/2020\/03\/100_1051-840x646.jpg 840w\" sizes=\"(min-width: 900px) 50vw, 100vw\" data-attachment-id=\"20017\" data-permalink=\"https:\/\/aosmithwtprojects.com\/ru\/portfolio\/tarimsal-sulama-azerbeycan\/100_1051-2\/\" data-orig-file=\"https:\/\/aosmithwtprojects.com\/wp-content\/uploads\/2020\/03\/100_1051.jpg\" data-orig-size=\"2500,1875\" data-comments-opened=\"1\" data-image-meta=\"{&quot;aperture&quot;:&quot;0&quot;,&quot;credit&quot;:&quot;&quot;,&quot;camera&quot;:&quot;&quot;,&quot;caption&quot;:&quot;&quot;,&quot;created_timestamp&quot;:&quot;0&quot;,&quot;copyright&quot;:&quot;&quot;,&quot;focal_length&quot;:&quot;0&quot;,&quot;iso&quot;:&quot;0&quot;,&quot;shutter_speed&quot;:&quot;0&quot;,&quot;title&quot;:&quot;&quot;,&quot;orientation&quot;:&quot;0&quot;}\" data-image-title=\"100_1051\" data-image-description=\"\" data-medium-file=\"https:\/\/aosmithwtprojects.com\/wp-content\/uploads\/2020\/03\/100_1051-300x225.jpg\" data-large-file=\"https:\/\/aosmithwtprojects.com\/wp-content\/uploads\/2020\/03\/100_1051-1024x768.jpg\" \/>\t\t\t\t\t\t<\/a>\n<\/section>\n<h2>\n\t\u0417\u0430\u044f\u0432\u043a\u0430 \u043d\u0430 \u043f\u043e\u043b\u0443\u0447\u0435\u043d\u0438\u0435 \u0438\u043d\u0444\u043e\u0440\u043c\u0430\u0446\u0438\u0438\n\t<\/h2>\n\t<p>\u041a\u0430\u043a \u043f\u0440\u043e\u0438\u0437\u0432\u043e\u0434\u0438\u0442\u0435\u043b\u044c \u0432\u044b\u0441\u043e\u043a\u043e\u0442\u0435\u0445\u043d\u043e\u043b\u043e\u0433\u0438\u0447\u043d\u044b\u0445 \u0443\u0441\u0442\u0440\u043e\u0439\u0441\u0442\u0432, A. O. Smith \u0441\u0442\u0440\u0435\u043c\u0438\u0442\u0441\u044f \u043c\u0430\u043a\u0441\u0438\u043c\u0430\u043b\u044c\u043d\u043e \u043f\u043e\u0432\u044b\u0441\u0438\u0442\u044c \u0443\u0434\u043e\u0431\u0441\u0442\u0432\u043e \u0438 \u043a\u043e\u043c\u0444\u043e\u0440\u0442 \u0441\u0432\u043e\u0438\u0445 \u043f\u043e\u043b\u044c\u0437\u043e\u0432\u0430\u0442\u0435\u043b\u0435\u0439. \u0412 \u044d\u0442\u043e\u043c \u043d\u0430\u043f\u0440\u0430\u0432\u043b\u0435\u043d\u0438\u0438 \u043c\u044b \u043e\u043a\u0430\u0437\u044b\u0432\u0430\u0435\u043c \u0432\u0441\u044e \u043d\u0435\u043e\u0431\u0445\u043e\u0434\u0438\u043c\u0443\u044e \u043f\u043e\u0434\u0434\u0435\u0440\u0436\u043a\u0443, \u0433\u0430\u0440\u0430\u043d\u0442\u0438\u0440\u0443\u044f \u0431\u0435\u0437\u0443\u043f\u0440\u0435\u0447\u043d\u0443\u044e \u0440\u0430\u0431\u043e\u0442\u0443 \u043d\u0430\u0448\u0435\u0439 \u043f\u0440\u043e\u0434\u0443\u043a\u0446\u0438\u0438.<\/p>\n<p>\u041a\u043e\u043c\u043f\u0430\u043d\u0438\u044f A. O. Smith\u00a0 \u043e\u0431\u0435\u0449\u0430\u0435\u0442 \u0443\u0434\u0435\u043b\u044f\u0442\u044c \u043f\u0435\u0440\u0432\u043e\u043e\u0447\u0435\u0440\u0435\u0434\u043d\u043e\u0435 \u0432\u043d\u0438\u043c\u0430\u043d\u0438\u0435 \u0443\u0434\u043e\u0432\u043b\u0435\u0442\u0432\u043e\u0440\u0435\u043d\u0438\u044e \u043f\u043e\u0442\u0440\u0435\u0431\u043d\u043e\u0441\u0442\u0435\u0439 \u043d\u0430\u0448\u0438\u0445 \u043a\u043b\u0438\u0435\u043d\u0442\u043e\u0432 \u043d\u0430 \u043f\u0440\u043e\u0442\u044f\u0436\u0435\u043d\u0438\u0438 \u0432\u0441\u0435\u0433\u043e \u0441\u0440\u043e\u043a\u0430 \u0441\u043b\u0443\u0436\u0431\u044b \u043d\u0430\u0448\u0435\u0439 \u043f\u0440\u043e\u0434\u0443\u043a\u0446\u0438\u0438.<\/p>\n<p>A. O. Smith \u0441\u0442\u0440\u0435\u043c\u0438\u0442\u0441\u044f \u043a \u044d\u0442\u043e\u043c\u0443, \u043f\u0440\u0435\u0434\u043b\u0430\u0433\u0430\u044f \u043f\u043e\u043b\u043d\u044b\u0439 \u0441\u043f\u0435\u043a\u0442\u0440 \u0443\u0441\u043b\u0443\u0433, \u0442\u0430\u043a\u0438\u0445 \u043a\u0430\u043a \u0432\u0432\u043e\u0434 \u0432 \u044d\u043a\u0441\u043f\u043b\u0443\u0430\u0442\u0430\u0446\u0438\u044e, \u0441\u0435\u0440\u0432\u0438\u0441\u043d\u043e\u0435 \u0438 \u0442\u0435\u0445\u043d\u0438\u0447\u0435\u0441\u043a\u043e\u0435 \u043e\u0431\u0441\u043b\u0443\u0436\u0438\u0432\u0430\u043d\u0438\u0435, \u0430 \u0442\u0430\u043a\u0436\u0435 \u0448\u0438\u0440\u043e\u043a\u0438\u0439 \u0430\u0441\u0441\u043e\u0440\u0442\u0438\u043c\u0435\u043d\u0442 \u043f\u0440\u043e\u0434\u0443\u043a\u0446\u0438\u0438.<\/p>\n    \u041f\u043e\u043c\u043d\u0438\u0442\u0435: \u0434\u043b\u044f \u044d\u0442\u043e\u0433\u043e \u043a\u043e\u043d\u0442\u0435\u043d\u0442\u0430 \u0442\u0440\u0435\u0431\u0443\u0435\u0442\u0441\u044f JavaScript.\n        <!-- TODO: Move to Template File. -->\n        \n","protected":false},"excerpt":{"rendered":"<p>\u0421\u0438\u0441\u0442\u0435\u043c\u0430\u0434\u043e\u0437\u0438\u0440\u043e\u0432\u0430\u043d\u0438\u044f \u0445\u043b\u043e\u0440\u0430 \u0421\u0438\u0441\u0442\u0435\u043c\u044b \u0434\u043e\u0437\u0438\u0440\u043e\u0432\u0430\u043d\u0438\u044f \u0445\u043b\u043e\u0440\u0430 &#8211; \u043e\u0434\u043d\u0430 \u0438\u0437 \u043d\u0430\u0438\u0431\u043e\u043b\u0435\u0435 \u0440\u0430\u0441\u043f\u0440\u043e\u0441\u0442\u0440\u0430\u043d\u0435\u043d\u043d\u044b\u0445 \u0441\u0438\u0441\u0442\u0435\u043c, \u0438\u0441\u043f\u043e\u043b\u044c\u0437\u0443\u0435\u043c\u044b\u0445 \u0434\u043b\u044f \u0434\u0435\u0437\u0438\u043d\u0444\u0435\u043a\u0446\u0438\u0438. \u0421\u0438\u0441\u0442\u0435\u043c\u0430 \u0434\u043e\u0437\u0438\u0440\u043e\u0432\u0430\u043d\u0438\u044f \u0445\u043b\u043e\u0440\u0430 &#8211; \u043e\u0434\u0438\u043d \u0438\u0437 \u0441\u0430\u043c\u044b\u0445 \u044d\u043a\u043e\u043d\u043e\u043c\u0438\u0447\u043d\u044b\u0445, \u043f\u043e\u043c\u0438\u043c\u043e \u043f\u043e\u0441\u0442\u043e\u044f\u043d\u043d\u043e\u0433\u043e \u0434\u0435\u0439\u0441\u0442\u0432\u0438\u044f. \u0414\u043e\u0437\u0430\u0442\u043e\u0440\u044b \u0445\u043b\u043e\u0440\u0430 \u0438\u0441\u043f\u043e\u043b\u044c\u0437\u0443\u044e\u0442\u0441\u044f \u0434\u043b\u044f \u043e\u043a\u0438\u0441\u043b\u0435\u043d\u0438\u044f \u043e\u043a\u0438\u0441\u043b\u044f\u0435\u043c\u044b\u0445 \u0432\u0435\u0449\u0435\u0441\u0442\u0432, \u0442\u0430\u043a\u0438\u0445 \u043a\u0430\u043a \u043d\u0438\u0442\u0440\u0438\u0442\u044b, \u0436\u0435\u043b\u0435\u0437\u043e, \u043c\u0430\u0440\u0433\u0430\u043d\u0435\u0446, \u0432 \u0432\u043e\u0434\u0435, \u0430 \u0442\u0430\u043a\u0436\u0435 \u0434\u043b\u044f \u0434\u0435\u0437\u0438\u043d\u0444\u0435\u043a\u0446\u0438\u0438 \u0437\u0430\u0433\u0440\u044f\u0437\u043d\u0438\u0442\u0435\u043b\u0435\u0439, \u0442\u0430\u043a\u0438\u0445 \u043a\u0430\u043a \u0431\u0430\u043a\u0442\u0435\u0440\u0438\u0438 \u0438 \u0432\u0438\u0440\u0443\u0441\u044b. \u0412 \u044d\u0442\u0438\u0445 \u0441\u0438\u0441\u0442\u0435\u043c\u0430\u0445 \u0434\u043e\u0437\u0438\u0440\u043e\u0432\u0430\u043d\u0438\u0435 \u0440\u0435\u0433\u0443\u043b\u0438\u0440\u0443\u0435\u0442\u0441\u044f \u0432\u0440\u0443\u0447\u043d\u0443\u044e&#8230;.<\/p>\n","protected":false},"author":1,"featured_media":0,"parent":0,"menu_order":0,"comment_status":"closed","ping_status":"closed","template":"","meta":{"_price":"","_stock":"","_tribe_ticket_header":"","_tribe_default_ticket_provider":"","_tribe_ticket_capacity":"0","_ticket_start_date":"","_ticket_end_date":"","_tribe_ticket_show_description":"","_tribe_ticket_show_not_going":false,"_tribe_ticket_use_global_stock":"","_tribe_ticket_global_stock_level":"","_global_stock_mode":"","_global_stock_cap":"","_tribe_rsvp_for_event":"","_tribe_ticket_going_count":"","_tribe_ticket_not_going_count":"","_tribe_tickets_list":[],"_tribe_ticket_has_attendee_info_fields":false},"jetpack_sharing_enabled":true,"_links":{"self":[{"href":"https:\/\/aosmithwtprojects.com\/ru\/wp-json\/wp\/v2\/pages\/19764"}],"collection":[{"href":"https:\/\/aosmithwtprojects.com\/ru\/wp-json\/wp\/v2\/pages"}],"about":[{"href":"https:\/\/aosmithwtprojects.com\/ru\/wp-json\/wp\/v2\/types\/page"}],"author":[{"embeddable":true,"href":"https:\/\/aosmithwtprojects.com\/ru\/wp-json\/wp\/v2\/users\/1"}],"replies":[{"embeddable":true,"href":"https:\/\/aosmithwtprojects.com\/ru\/wp-json\/wp\/v2\/comments?post=19764"}],"version-history":[{"count":3,"href":"https:\/\/aosmithwtprojects.com\/ru\/wp-json\/wp\/v2\/pages\/19764\/revisions"}],"predecessor-version":[{"id":20389,"href":"https:\/\/aosmithwtprojects.com\/ru\/wp-json\/wp\/v2\/pages\/19764\/revisions\/20389"}],"wp:attachment":[{"href":"https:\/\/aosmithwtprojects.com\/ru\/wp-json\/wp\/v2\/media?parent=19764"}],"curies":[{"name":"wp","href":"https:\/\/api.w.org\/{rel}","templated":true}]}}