{"id":19835,"date":"2020-01-08T16:37:07","date_gmt":"2020-01-08T13:37:07","guid":{"rendered":"https:\/\/aosmithwtprojects.com\/satis-muhendislerimiz\/"},"modified":"2026-01-16T14:41:48","modified_gmt":"2026-01-16T11:41:48","slug":"%d0%bd%d0%b0%d1%88%d0%b8-%d0%b8%d0%bd%d0%b6%d0%b5%d0%bd%d0%b5%d1%80%d1%8b-%d0%bf%d0%be-%d0%bf%d1%80%d0%be%d0%b4%d0%b0%d0%b6%d0%b0%d0%bc","status":"publish","type":"page","link":"https:\/\/aosmithwtprojects.com\/ru\/%d0%bd%d0%b0%d1%88%d0%b8-%d0%b8%d0%bd%d0%b6%d0%b5%d0%bd%d0%b5%d1%80%d1%8b-%d0%bf%d0%be-%d0%bf%d1%80%d0%be%d0%b4%d0%b0%d0%b6%d0%b0%d0%bc\/","title":{"rendered":"\u041d\u0430\u0448\u0438 \u0438\u043d\u0436\u0435\u043d\u0435\u0440\u044b \u043f\u043e \u043f\u0440\u043e\u0434\u0430\u0436\u0430\u043c"},"content":{"rendered":"\n\n\t\t\t\t<img loading=\"lazy\" src=\"https:\/\/aosmithwtprojects.com\/wp-content\/uploads\/2026\/01\/20251222_150656-scaled.jpg\" alt=\"20251222_150656\" itemprop=\"image\" height=\"2560\" width=\"1920\" title=\"20251222_150656\" onerror=\"this.style.display='none'\"  \/>\n\t<h3>G\u00f6khan \u00d6zler<\/h3>\n<p>Proje Sat\u0131\u015f M\u00fchendisi<\/p>\n\n\n\n\n","protected":false},"excerpt":{"rendered":"<p>G\u00f6khan \u00d6zler Proje Sat\u0131\u015f M\u00fchendisi<\/p>\n","protected":false},"author":1,"featured_media":0,"parent":0,"menu_order":0,"comment_status":"closed","ping_status":"closed","template":"","meta":{"_price":"","_stock":"","_tribe_ticket_header":"","_tribe_default_ticket_provider":"","_tribe_ticket_capacity":"0","_ticket_start_date":"","_ticket_end_date":"","_tribe_ticket_show_description":"","_tribe_ticket_show_not_going":false,"_tribe_ticket_use_global_stock":"","_tribe_ticket_global_stock_level":"","_global_stock_mode":"","_global_stock_cap":"","_tribe_rsvp_for_event":"","_tribe_ticket_going_count":"","_tribe_ticket_not_going_count":"","_tribe_tickets_list":[],"_tribe_ticket_has_attendee_info_fields":false},"jetpack_sharing_enabled":true,"_links":{"self":[{"href":"https:\/\/aosmithwtprojects.com\/ru\/wp-json\/wp\/v2\/pages\/19835"}],"collection":[{"href":"https:\/\/aosmithwtprojects.com\/ru\/wp-json\/wp\/v2\/pages"}],"about":[{"href":"https:\/\/aosmithwtprojects.com\/ru\/wp-json\/wp\/v2\/types\/page"}],"author":[{"embeddable":true,"href":"https:\/\/aosmithwtprojects.com\/ru\/wp-json\/wp\/v2\/users\/1"}],"replies":[{"embeddable":true,"href":"https:\/\/aosmithwtprojects.com\/ru\/wp-json\/wp\/v2\/comments?post=19835"}],"version-history":[{"count":11,"href":"https:\/\/aosmithwtprojects.com\/ru\/wp-json\/wp\/v2\/pages\/19835\/revisions"}],"predecessor-version":[{"id":20787,"href":"https:\/\/aosmithwtprojects.com\/ru\/wp-json\/wp\/v2\/pages\/19835\/revisions\/20787"}],"wp:attachment":[{"href":"https:\/\/aosmithwtprojects.com\/ru\/wp-json\/wp\/v2\/media?parent=19835"}],"curies":[{"name":"wp","href":"https:\/\/api.w.org\/{rel}","templated":true}]}}