{"id":19840,"date":"2016-08-06T06:30:53","date_gmt":"2016-08-06T03:30:53","guid":{"rendered":"https:\/\/aosmithwtprojects.com\/sitemap\/"},"modified":"2021-04-13T23:30:09","modified_gmt":"2021-04-13T20:30:09","slug":"%d0%ba%d0%b0%d1%80%d1%82%d0%b0-%d1%81%d0%b0%d0%b9%d1%82%d0%b0","status":"publish","type":"page","link":"https:\/\/aosmithwtprojects.com\/ru\/%d0%ba%d0%b0%d1%80%d1%82%d0%b0-%d1%81%d0%b0%d0%b9%d1%82%d0%b0\/","title":{"rendered":"\u041a\u0430\u0440\u0442\u0430 \u0441\u0430\u0439\u0442\u0430"},"content":{"rendered":"\n\n\t<h3>Pages<\/h3>\n<ul>\n<li><a title=\"Anasayfa\" href=\"https:\/\/aosmithwtprojects.com\/\" rel=\"bookmark\">Anasayfa<\/a><\/li>\n<li><a title=\"At\u0131k Su\" href=\"https:\/\/aosmithwtprojects.com\/atik-su\/\" rel=\"bookmark\">At\u0131k Su<\/a><\/li>\n<li><a title=\"At\u0131k Su Ar\u0131tma\" href=\"https:\/\/aosmithwtprojects.com\/atik-su-aritma\/\" rel=\"bookmark\">At\u0131k Su Ar\u0131tma<\/a><\/li>\n<li><a title=\"AVM\" href=\"https:\/\/aosmithwtprojects.com\/avm\/\" rel=\"bookmark\">AVM<\/a><\/li>\n<li><a title=\"Blog\" href=\"https:\/\/aosmithwtprojects.com\/blog\/\" rel=\"bookmark\">Blog<\/a><\/li>\n<li><a title=\"\u00c7erez Kullan\u0131m\u0131\" href=\"https:\/\/aosmithwtprojects.com\/cerez-kullanimi\/\" rel=\"bookmark\">\u00c7erez Kullan\u0131m\u0131<\/a><\/li>\n<li><a title=\"Degaz\u00f6r Sistemleri\" href=\"https:\/\/aosmithwtprojects.com\/degazor-sistemleri\/\" rel=\"bookmark\">Degaz\u00f6r Sistemleri<\/a><\/li>\n<li><a title=\"Deiyonizasyon Sistemleri\" href=\"https:\/\/aosmithwtprojects.com\/deiyonizasyon-sistemleri\/\" rel=\"bookmark\">Deiyonizasyon Sistemleri<\/a><\/li>\n<li><a title=\"Demir \u00c7elik End\u00fcstrisi\" href=\"https:\/\/aosmithwtprojects.com\/demir-celik-endustrisi\/\" rel=\"bookmark\">Demir \u00c7elik End\u00fcstrisi<\/a><\/li>\n<li><a title=\"Deniz Suyu  Ters Osmoz Sistemi\" href=\"https:\/\/aosmithwtprojects.com\/deniz-suyu-ters-ozmoz-sistemi\/\" rel=\"bookmark\">Deniz Suyu Ters Osmoz Sistemi<\/a><\/li>\n<li><a title=\"Dezenfeksiyon Sistemleri\" href=\"https:\/\/aosmithwtprojects.com\/dezenfeksiyon-sistemleri\/\" rel=\"bookmark\">Dezenfeksiyon Sistemleri<\/a><\/li>\n<li><a title=\"End\u00fcstri\" href=\"https:\/\/aosmithwtprojects.com\/endustri\/\" rel=\"bookmark\">End\u00fcstri<\/a><\/li>\n<li><a title=\"Enerji End\u00fcstrisi\" href=\"https:\/\/aosmithwtprojects.com\/enerji-2\/\" rel=\"bookmark\">Enerji End\u00fcstrisi<\/a><\/li>\n<li><a title=\"Filtrasyon Sistemleri\" href=\"https:\/\/aosmithwtprojects.com\/filtrasyon-sistemleri\/\" rel=\"bookmark\">Filtrasyon Sistemleri<\/a><\/li>\n<li><a title=\"Fuarlar\" href=\"https:\/\/aosmithwtprojects.com\/fuarlar\/\" rel=\"bookmark\">Fuarlar<\/a><\/li>\n<li><a title=\"Geri Kazan\u0131m\" href=\"https:\/\/aosmithwtprojects.com\/geri-kazanim\/\" rel=\"bookmark\">Geri Kazan\u0131m<\/a><\/li>\n<li><a title=\"Gizlilik Politikas\u0131\" href=\"https:\/\/aosmithwtprojects.com\/gizlilik-politikasi\/\" rel=\"bookmark\">Gizlilik Politikas\u0131<\/a><\/li>\n<li><a title=\"G\u0131da ve \u0130\u00e7ecek End\u00fcstrisi\" href=\"https:\/\/aosmithwtprojects.com\/gida-ve-icecek-endustrisi\/\" rel=\"bookmark\">G\u0131da ve \u0130\u00e7ecek End\u00fcstrisi<\/a><\/li>\n<li><a title=\"Gri Su Ar\u0131tma\" href=\"https:\/\/aosmithwtprojects.com\/gri-su-aritma\/\" rel=\"bookmark\">Gri Su Ar\u0131tma<\/a><\/li>\n<li><a title=\"Gri Su Ar\u0131tma Sistemi\" href=\"https:\/\/aosmithwtprojects.com\/gri-su-aritma-sistemi\/\" rel=\"bookmark\">Gri Su Ar\u0131tma Sistemi<\/a><\/li>\n<li><a title=\"Haberler\" href=\"https:\/\/aosmithwtprojects.com\/haberler\/\" rel=\"bookmark\">Haberler<\/a><\/li>\n<li><a title=\"Hakk\u0131m\u0131zda\" href=\"https:\/\/aosmithwtprojects.com\/hakkimizda\/\" rel=\"bookmark\">Hakk\u0131m\u0131zda<\/a><\/li>\n<li><a title=\"Hastaneler\" href=\"https:\/\/aosmithwtprojects.com\/hastahaneler\/\" rel=\"bookmark\">Hastaneler<\/a><\/li>\n<li><a title=\"Havaalan\u0131\" href=\"https:\/\/aosmithwtprojects.com\/havaalani\/\" rel=\"bookmark\">Havaalan\u0131<\/a><\/li>\n<li><a title=\"Home Modern\" href=\"https:\/\/aosmithwtprojects.com\/home-modern\/\" rel=\"bookmark\">Home Modern<\/a><\/li>\n<li><a title=\"\u0130la\u00e7 End\u00fcstrisi\" href=\"https:\/\/aosmithwtprojects.com\/ilac-endustrisi\/\" rel=\"bookmark\">\u0130la\u00e7 End\u00fcstrisi<\/a><\/li>\n<li><a title=\"\u0130leti\u015fim\" href=\"https:\/\/aosmithwtprojects.com\/iletisim\/\" rel=\"bookmark\">\u0130leti\u015fim<\/a><\/li>\n<li><a title=\"Kartu\u015f Filtrasyon Sistemi\" href=\"https:\/\/aosmithwtprojects.com\/kartus-filtrasyon-sistemi\/\" rel=\"bookmark\">Kartu\u015f Filtrasyon Sistemi<\/a><\/li>\n<li><a title=\"Kataloglar\" href=\"https:\/\/aosmithwtprojects.com\/kataloglar\/\" rel=\"bookmark\">Kataloglar<\/a><\/li>\n<li><a title=\"Klor Dozaj Sistemi\" href=\"https:\/\/aosmithwtprojects.com\/klor-dozaj-sistemi\/\" rel=\"bookmark\">Klor Dozaj Sistemi<\/a><\/li>\n<li><a title=\"Kurumsal\" href=\"https:\/\/aosmithwtprojects.com\/kurumsal\/\" rel=\"bookmark\">Kurumsal<\/a><\/li>\n<li><a title=\"K\u00fct\u00fcphane\" href=\"https:\/\/aosmithwtprojects.com\/kutuphane\/\" rel=\"bookmark\">K\u00fct\u00fcphane<\/a><\/li>\n<li><a title=\"Kuyu Suyu Ters Ozmoz Sistemi\" href=\"https:\/\/aosmithwtprojects.com\/kuyu-suyu-ters-ozmoz-sistemi\/\" rel=\"bookmark\">Kuyu Suyu Ters Ozmoz Sistemi<\/a><\/li>\n<li><a title=\"KVKK Politikas\u0131\" href=\"https:\/\/aosmithwtprojects.com\/kvkk-politikasi\/\" rel=\"bookmark\">KVKK Politikas\u0131<\/a><\/li>\n<li><a title=\"Medya Filtrasyon Sistemi\" href=\"https:\/\/aosmithwtprojects.com\/medya-filtrasyon-sistemi\/\" rel=\"bookmark\">Medya Filtrasyon Sistemi<\/a><\/li>\n<li><a title=\"Mekanik Filtrasyon Sistemi\" href=\"https:\/\/aosmithwtprojects.com\/mekanik-filtrasyon-sistemi\/\" rel=\"bookmark\">Mekanik Filtrasyon Sistemi<\/a><\/li>\n<li><a title=\"Mobil Sistemler\" href=\"https:\/\/aosmithwtprojects.com\/mobil-sistemler\/\" rel=\"bookmark\">Mobil Sistemler<\/a><\/li>\n<li><a title=\"Mobil Su Ar\u0131tma Sistemi\" href=\"https:\/\/aosmithwtprojects.com\/mobil-su-aritma-sistemi\/\" rel=\"bookmark\">Mobil Su Ar\u0131tma Sistemi<\/a><\/li>\n<li><a title=\"Nanofiltrasyon Sistemleri\" href=\"https:\/\/aosmithwtprojects.com\/nanofiltrasyon-sistemleri\/\" rel=\"bookmark\">Nanofiltrasyon Sistemleri<\/a><\/li>\n<li><a title=\"Oteller\" href=\"https:\/\/aosmithwtprojects.com\/oteller\/\" rel=\"bookmark\">Oteller<\/a><\/li>\n<li><a title=\"Our Aproach\" href=\"https:\/\/aosmithwtprojects.com\/aproach\/\" rel=\"bookmark\">Our Aproach<\/a><\/li>\n<li><a title=\"Ozonlama Sistemi\" href=\"https:\/\/aosmithwtprojects.com\/ozonlama-sistemi\/\" rel=\"bookmark\">Ozonlama Sistemi<\/a><\/li>\n<li><a title=\"Paket At\u0131k Su Ar\u0131tma Sistemleri\" href=\"https:\/\/aosmithwtprojects.com\/paket-atik-su-aritma-sistemleri\/\" rel=\"bookmark\">Paket At\u0131k Su Ar\u0131tma Sistemleri<\/a><\/li>\n<li><a title=\"Pompa ve Hidrofor Sistemleri\" href=\"https:\/\/aosmithwtprojects.com\/pompa-ve-hidrofor-sistemleri\/\" rel=\"bookmark\">Pompa ve Hidrofor Sistemleri<\/a><\/li>\n<li><a title=\"Proje \u00c7\u00f6z\u00fcm Ortaklar\u0131\" href=\"https:\/\/aosmithwtprojects.com\/proje-cozum-ortaklari\/\" rel=\"bookmark\">Proje \u00c7\u00f6z\u00fcm Ortaklar\u0131<\/a><\/li>\n<li><a title=\"Referans Projeler\" href=\"https:\/\/aosmithwtprojects.com\/referans-projeler\/\" rel=\"bookmark\">Referans Projeler<\/a>\n<ul>\n<li><a title=\"Partners\" href=\"https:\/\/aosmithwtprojects.com\/referans-projeler\/partners\/\" rel=\"bookmark\">Partners<\/a><\/li>\n<\/ul>\n<\/li>\n<li><a title=\"Sat\u0131\u015f M\u00fchendislerimiz\" href=\"https:\/\/aosmithwtprojects.com\/satis-muhendislerimiz\/\" rel=\"bookmark\">Sat\u0131\u015f M\u00fchendislerimiz<\/a><\/li>\n<li><a title=\"Sertifikalar\" href=\"https:\/\/aosmithwtprojects.com\/sertifikalar\/\" rel=\"bookmark\">Sertifikalar<\/a><\/li>\n<li><a title=\"Sistemler\" href=\"https:\/\/aosmithwtprojects.com\/sistemler\/\" rel=\"bookmark\">Sistemler<\/a><\/li>\n<li><a title=\"Sitemap\" href=\"https:\/\/aosmithwtprojects.com\/sitemap\/\" rel=\"bookmark\">Sitemap<\/a><\/li>\n<li><a title=\"Su Yumu\u015fatma Sistemleri\" href=\"https:\/\/aosmithwtprojects.com\/su-yumusatma-sistemleri\/\" rel=\"bookmark\">Su Yumu\u015fatma Sistemleri<\/a><\/li>\n<li><a title=\"Tarih\u00e7e\" href=\"https:\/\/aosmithwtprojects.com\/tarihce\/\" rel=\"bookmark\">Tarih\u00e7e<\/a><\/li>\n<li><a title=\"Tar\u0131m\" href=\"https:\/\/aosmithwtprojects.com\/tarim\/\" rel=\"bookmark\">Tar\u0131m<\/a><\/li>\n<li><a title=\"Teknik Servis\" href=\"https:\/\/aosmithwtprojects.com\/teknik-servis\/\" rel=\"bookmark\">Teknik Servis<\/a><\/li>\n<li><a title=\"Tekstil End\u00fcstrisi\" href=\"https:\/\/aosmithwtprojects.com\/tekstil\/\" rel=\"bookmark\">Tekstil End\u00fcstrisi<\/a><\/li>\n<li><a title=\"Ters Ozmoz Sistemler\" href=\"https:\/\/aosmithwtprojects.com\/ters-ozmoz\/\" rel=\"bookmark\">Ters Ozmoz Sistemler<\/a><\/li>\n<li><a title=\"Ticari \u0130\u015fletme\" href=\"https:\/\/aosmithwtprojects.com\/ticari-isletme\/\" rel=\"bookmark\">Ticari \u0130\u015fletme<\/a><\/li>\n<li><a title=\"Ultrafiltrasyon Sistemler\" href=\"https:\/\/aosmithwtprojects.com\/ultrafiltrasyon-sistemler\/\" rel=\"bookmark\">Ultrafiltrasyon Sistemler<\/a><\/li>\n<li><a title=\"Ultraviyole Su Dezenfeksiyon Sistemi\" href=\"https:\/\/aosmithwtprojects.com\/ultraviyole-su-dezenfeksiyon-sistemi\/\" rel=\"bookmark\">Ultraviyole Su Dezenfeksiyon Sistemi<\/a><\/li>\n<li><a title=\"Videolar\" href=\"https:\/\/aosmithwtprojects.com\/videolar\/\" rel=\"bookmark\">Videolar<\/a><\/li>\n<li><a title=\"Y\u00fczey Suyu Ar\u0131tma Sistemi\" href=\"https:\/\/aosmithwtprojects.com\/yuzey-suyu-aritma-sistemi\/\" rel=\"bookmark\">Y\u00fczey Suyu Ar\u0131tma Sistemi<\/a><\/li>\n<\/ul>\n<h3>Categories<\/h3>\n<ul>\n<li><a href=\"https:\/\/aosmithwtprojects.com\/category\/haberler\/\">Haberler<\/a>\u00a0(<a href=\"https:\/\/aosmithwtprojects.com\/category\/haberler\/feed\/\">RSS<\/a>) (7)<\/li>\n<\/ul>\n<h3>Posts<\/h3>\n<ul>\n<li><a title=\"A.O. Smith T\u00fcrkiye Aquatech Amsterdam 2019 Fuar\u0131 ndayd\u0131!\" href=\"https:\/\/aosmithwtprojects.com\/a-o-smith-turkiye-aquatech-amsterdam-2019-fuari-ndaydi\/\" rel=\"bookmark\">A.O. Smith T\u00fcrkiye Aquatech Amsterdam 2019 Fuar\u0131 ndayd\u0131!<\/a>\u00a0(0)<\/li>\n<li><a title=\"A.O. Smith'den Su Ar\u0131tma Sekt\u00f6r\u00fcne Dev Yat\u0131r\u0131m\" href=\"https:\/\/aosmithwtprojects.com\/a-o-smithden-su-aritma-sektorune-dev-yatirim\/\" rel=\"bookmark\">A.O. Smith&#8217;den Su Ar\u0131tma Sekt\u00f6r\u00fcne Dev Yat\u0131r\u0131m<\/a>\u00a0(0)<\/li>\n<li><a title=\"Ba\u015fak\u015fehir \u015eehir Hastanesi\" href=\"https:\/\/aosmithwtprojects.com\/basaksehir-sehir-hastahanesi\/\" rel=\"bookmark\">Ba\u015fak\u015fehir \u015eehir Hastanesi<\/a>\u00a0(0)<\/li>\n<li><a title=\"Growtech\" href=\"https:\/\/aosmithwtprojects.com\/growtech\/\" rel=\"bookmark\">Growtech<\/a>\u00a0(0)<\/li>\n<li><a title=\"\u0130GA Su Deposu\" href=\"https:\/\/aosmithwtprojects.com\/iga-su-deposu\/\" rel=\"bookmark\">\u0130GA Su Deposu<\/a>\u00a0(0)<\/li>\n<li><a title=\"Konya \u015eehir Hastahanesi\" href=\"https:\/\/aosmithwtprojects.com\/konya-sehir-hastahanesi\/\" rel=\"bookmark\">Konya \u015eehir Hastahanesi<\/a>\u00a0(0)<\/li>\n<li><a title=\"Mercedes-Benz Had\u0131mk\u00f6y\" href=\"https:\/\/aosmithwtprojects.com\/mercedes-benz-hadimkoy\/\" rel=\"bookmark\">Mercedes-Benz Had\u0131mk\u00f6y<\/a>\u00a0(0)<\/li>\n<\/ul>\n<h3>Projects<\/h3>\n<ul>\n<li><a title=\"A\u00e7\u0131k Kanal UV Sistemi \/ Mu\u011fla\" href=\"https:\/\/aosmithwtprojects.com\/portfolio\/acik-kanal-uv-sistemi-mugla\/\" rel=\"bookmark\">A\u00e7\u0131k Kanal UV Sistemi \/ Mu\u011fla<\/a><\/li>\n<li><a title=\"Akyol \u0130\u00e7ecek \u00dcretim Tesisi\" href=\"https:\/\/aosmithwtprojects.com\/portfolio\/akyol-icecek-uretim-tesisi\/\" rel=\"bookmark\">Akyol \u0130\u00e7ecek \u00dcretim Tesisi<\/a><\/li>\n<li><a title=\"Al Kharafi - Kuveyt\" href=\"https:\/\/aosmithwtprojects.com\/portfolio\/al-khafari-kuveyt\/\" rel=\"bookmark\">Al Kharafi &#8211; Kuveyt<\/a><\/li>\n<li><a title=\"Aygaz I\u015f\u0131kken Dolum Tesisleri\" href=\"https:\/\/aosmithwtprojects.com\/portfolio\/aygaz-isikkent-dolum-tesisleri-izmir\/\" rel=\"bookmark\">Aygaz I\u015f\u0131kken Dolum Tesisleri<\/a><\/li>\n<li><a title=\"Bine Agro \/ Azerbaycan\" href=\"https:\/\/aosmithwtprojects.com\/portfolio\/bine-agro\/\" rel=\"bookmark\">Bine Agro \/ Azerbaycan<\/a><\/li>\n<li><a title=\"\u0130\u00e7me Suyu \u00dcretim Tesisi\" href=\"https:\/\/aosmithwtprojects.com\/portfolio\/icme-suyu-uretim-tesisi-ozbekistan\/\" rel=\"bookmark\">\u0130\u00e7me Suyu \u00dcretim Tesisi<\/a><\/li>\n<li><a title=\"IGA - \u0130stanbul Havaliman\u0131\" href=\"https:\/\/aosmithwtprojects.com\/portfolio\/iga-istanbul-havalimani\/\" rel=\"bookmark\">IGA &#8211; \u0130stanbul Havaliman\u0131<\/a><\/li>\n<li><a title=\"Lojin Water Company - Irak\" href=\"https:\/\/aosmithwtprojects.com\/portfolio\/lojin-water\/\" rel=\"bookmark\">Lojin Water Company &#8211; Irak<\/a><\/li>\n<li><a title=\"Mobil \u0130\u00e7me Suyu Ar\u0131tma\" href=\"https:\/\/aosmithwtprojects.com\/portfolio\/mobil-icme-suyu-aritma-sistemi-fas\/\" rel=\"bookmark\">Mobil \u0130\u00e7me Suyu Ar\u0131tma<\/a><\/li>\n<li><a title=\"Paket At\u0131k Su Ar\u0131tma\" href=\"https:\/\/aosmithwtprojects.com\/portfolio\/paket-atik-su-aritma-sistemleri-izmir\/\" rel=\"bookmark\">Paket At\u0131k Su Ar\u0131tma<\/a><\/li>\n<li><a title=\"Tar\u0131msal Sulama \/ Azerbeycan\" href=\"https:\/\/aosmithwtprojects.com\/portfolio\/tarimsal-sulama-azerbeycan\/\" rel=\"bookmark\">Tar\u0131msal Sulama \/ Azerbeycan<\/a><\/li>\n<\/ul>\n\n","protected":false},"excerpt":{"rendered":"<p>Pages Anasayfa At\u0131k Su At\u0131k Su Ar\u0131tma AVM Blog \u00c7erez Kullan\u0131m\u0131 Degaz\u00f6r Sistemleri Deiyonizasyon Sistemleri Demir \u00c7elik End\u00fcstrisi Deniz Suyu Ters Osmoz Sistemi Dezenfeksiyon Sistemleri End\u00fcstri Enerji End\u00fcstrisi Filtrasyon Sistemleri Fuarlar Geri Kazan\u0131m Gizlilik Politikas\u0131 G\u0131da ve \u0130\u00e7ecek End\u00fcstrisi Gri Su Ar\u0131tma Gri Su Ar\u0131tma Sistemi Haberler Hakk\u0131m\u0131zda Hastaneler Havaalan\u0131 Home Modern \u0130la\u00e7 End\u00fcstrisi \u0130leti\u015fim&#8230;<\/p>\n","protected":false},"author":1,"featured_media":0,"parent":0,"menu_order":0,"comment_status":"closed","ping_status":"closed","template":"","meta":{"_price":"","_stock":"","_tribe_ticket_header":"","_tribe_default_ticket_provider":"","_tribe_ticket_capacity":"0","_ticket_start_date":"","_ticket_end_date":"","_tribe_ticket_show_description":"","_tribe_ticket_show_not_going":false,"_tribe_ticket_use_global_stock":"","_tribe_ticket_global_stock_level":"","_global_stock_mode":"","_global_stock_cap":"","_tribe_rsvp_for_event":"","_tribe_ticket_going_count":"","_tribe_ticket_not_going_count":"","_tribe_tickets_list":[],"_tribe_ticket_has_attendee_info_fields":false},"jetpack_sharing_enabled":true,"_links":{"self":[{"href":"https:\/\/aosmithwtprojects.com\/ru\/wp-json\/wp\/v2\/pages\/19840"}],"collection":[{"href":"https:\/\/aosmithwtprojects.com\/ru\/wp-json\/wp\/v2\/pages"}],"about":[{"href":"https:\/\/aosmithwtprojects.com\/ru\/wp-json\/wp\/v2\/types\/page"}],"author":[{"embeddable":true,"href":"https:\/\/aosmithwtprojects.com\/ru\/wp-json\/wp\/v2\/users\/1"}],"replies":[{"embeddable":true,"href":"https:\/\/aosmithwtprojects.com\/ru\/wp-json\/wp\/v2\/comments?post=19840"}],"version-history":[{"count":4,"href":"https:\/\/aosmithwtprojects.com\/ru\/wp-json\/wp\/v2\/pages\/19840\/revisions"}],"predecessor-version":[{"id":20370,"href":"https:\/\/aosmithwtprojects.com\/ru\/wp-json\/wp\/v2\/pages\/19840\/revisions\/20370"}],"wp:attachment":[{"href":"https:\/\/aosmithwtprojects.com\/ru\/wp-json\/wp\/v2\/media?parent=19840"}],"curies":[{"name":"wp","href":"https:\/\/api.w.org\/{rel}","templated":true}]}}