{"id":19847,"date":"2019-10-01T01:39:22","date_gmt":"2019-09-30T22:39:22","guid":{"rendered":"https:\/\/aosmithwtprojects.com\/teknik-servis\/"},"modified":"2021-04-13T23:32:03","modified_gmt":"2021-04-13T20:32:03","slug":"%d1%82%d0%b5%d1%85%d0%bd%d0%b8%d1%87%d0%b5%d1%81%d0%ba%d0%be%d0%b5-%d0%be%d0%b1%d1%81%d0%bb%d1%83%d0%b6%d0%b8%d0%b2%d0%b0%d0%bd%d0%b8%d0%b5","status":"publish","type":"page","link":"https:\/\/aosmithwtprojects.com\/ru\/%d1%82%d0%b5%d1%85%d0%bd%d0%b8%d1%87%d0%b5%d1%81%d0%ba%d0%be%d0%b5-%d0%be%d0%b1%d1%81%d0%bb%d1%83%d0%b6%d0%b8%d0%b2%d0%b0%d0%bd%d0%b8%d0%b5\/","title":{"rendered":"\u0422\u0435\u0445\u043d\u0438\u0447\u0435\u0441\u043a\u043e\u0435 \u043e\u0431\u0441\u043b\u0443\u0436\u0438\u0432\u0430\u043d\u0438\u0435"},"content":{"rendered":"\n\n\t<h2><strong>\u00c7al\u0131\u015fma Saatleri<\/strong><\/h2>\n<p>Teknik servis depatman\u0131m\u0131za hafta i\u00e7i saat 8:00-17:30 saatleri aras\u0131nda a\u015fa\u011f\u0131daki ileti\u015fim bilgilerimizden ula\u015fabilir, destek ve randevu talebinde bulunabilirsiniz.<\/p>\n<h2><strong>\u0130leti\u015fim Bilgileri<\/strong><\/h2>\nT: 0212 444 1646<br \/>\nF: 0212 494 4795<br \/>\nE:\u00a0<a title=\"Email\" href=\"mailto:info@aosmith.com.tr\" target=\"_blank\" rel=\"noopener\">info@aosmith.com.tr<\/a>\n    \u041f\u043e\u043c\u043d\u0438\u0442\u0435: \u0434\u043b\u044f \u044d\u0442\u043e\u0433\u043e \u043a\u043e\u043d\u0442\u0435\u043d\u0442\u0430 \u0442\u0440\u0435\u0431\u0443\u0435\u0442\u0441\u044f JavaScript.\n        <!-- TODO: Move to Template File. -->\n        \n","protected":false},"excerpt":{"rendered":"<p>\u00c7al\u0131\u015fma Saatleri Teknik servis depatman\u0131m\u0131za hafta i\u00e7i saat 8:00-17:30 saatleri aras\u0131nda a\u015fa\u011f\u0131daki ileti\u015fim bilgilerimizden ula\u015fabilir, destek ve randevu talebinde bulunabilirsiniz. \u0130leti\u015fim Bilgileri T: 0212 444 1646 F: 0212 494 4795 E:\u00a0info@aosmith.com.tr \u041f\u043e\u043c\u043d\u0438\u0442\u0435: \u0434\u043b\u044f \u044d\u0442\u043e\u0433\u043e \u043a\u043e\u043d\u0442\u0435\u043d\u0442\u0430 \u0442\u0440\u0435\u0431\u0443\u0435\u0442\u0441\u044f JavaScript.<\/p>\n","protected":false},"author":1,"featured_media":0,"parent":0,"menu_order":0,"comment_status":"closed","ping_status":"closed","template":"","meta":{"_price":"","_stock":"","_tribe_ticket_header":"","_tribe_default_ticket_provider":"","_tribe_ticket_capacity":"0","_ticket_start_date":"","_ticket_end_date":"","_tribe_ticket_show_description":"","_tribe_ticket_show_not_going":false,"_tribe_ticket_use_global_stock":"","_tribe_ticket_global_stock_level":"","_global_stock_mode":"","_global_stock_cap":"","_tribe_rsvp_for_event":"","_tribe_ticket_going_count":"","_tribe_ticket_not_going_count":"","_tribe_tickets_list":[],"_tribe_ticket_has_attendee_info_fields":false},"jetpack_sharing_enabled":true,"_links":{"self":[{"href":"https:\/\/aosmithwtprojects.com\/ru\/wp-json\/wp\/v2\/pages\/19847"}],"collection":[{"href":"https:\/\/aosmithwtprojects.com\/ru\/wp-json\/wp\/v2\/pages"}],"about":[{"href":"https:\/\/aosmithwtprojects.com\/ru\/wp-json\/wp\/v2\/types\/page"}],"author":[{"embeddable":true,"href":"https:\/\/aosmithwtprojects.com\/ru\/wp-json\/wp\/v2\/users\/1"}],"replies":[{"embeddable":true,"href":"https:\/\/aosmithwtprojects.com\/ru\/wp-json\/wp\/v2\/comments?post=19847"}],"version-history":[{"count":3,"href":"https:\/\/aosmithwtprojects.com\/ru\/wp-json\/wp\/v2\/pages\/19847\/revisions"}],"predecessor-version":[{"id":20374,"href":"https:\/\/aosmithwtprojects.com\/ru\/wp-json\/wp\/v2\/pages\/19847\/revisions\/20374"}],"wp:attachment":[{"href":"https:\/\/aosmithwtprojects.com\/ru\/wp-json\/wp\/v2\/media?parent=19847"}],"curies":[{"name":"wp","href":"https:\/\/api.w.org\/{rel}","templated":true}]}}